{"id":823,"date":"2018-11-27T12:22:54","date_gmt":"2018-11-27T09:22:54","guid":{"rendered":"http:\/\/literaturacomparata.ro\/aic\/?page_id=823"},"modified":"2020-10-19T13:18:16","modified_gmt":"2020-10-19T10:18:16","slug":"numarul-curent-2-2","status":"publish","type":"page","link":"https:\/\/literaturacomparata.ro\/aic\/?page_id=823&lang=ro","title":{"rendered":"23 (1\/2019) FRA\u021aI INAMICI"},"content":{"rendered":"<h3 style=\"text-align: left;\" align=\"center\"><strong>ACTA IASSYENSIA COMPARATIONIS, 23 (1\/2019)<br \/>\nFRA\u0162I INAMICI<br \/>\n<\/strong><\/h3>\n<hr>\n<h4 style=\"text-align: left;\" align=\"center\"><strong><a href=\"http:\/\/literaturacomparata.ro\/Site_Acta\/issues\/aic-23\/AIC_1_23_19_FULL.pdf\"><img decoding=\"async\" loading=\"lazy\" class=\"alignleft wp-image-940 size-full\" src=\"http:\/\/literaturacomparata.ro\/aic\/wp-content\/uploads\/2018\/11\/BrothersL_Page_001.png\" alt=\"\" width=\"212\" height=\"300\"><\/a>Cuprins<\/strong><\/h4>\n<p>Lavinia SIMILARU<br \/>\n<a href=\"http:\/\/literaturacomparata.ro\/Site_Acta\/issues\/aic-23\/01%20Similaru_FINAL.pdf\">Hermanos que enfrentan a sus hermanas para defender la honra de la familia en dos novelas ejemplares de Cervantes<\/a><\/p>\n<p>David PAIGNEAU<br \/>\n<a href=\"http:\/\/literaturacomparata.ro\/Site_Acta\/issues\/aic-23\/02%20Paigneau_FINAL.pdf\">Baudelaire, Delacroix, Nadar. Enjeux de la repr\u00e9sentation de soi, de l\u2019autre et du monde<\/a><\/p>\n<p>Lorella MARTINELLI<br \/>\n<a href=\"http:\/\/literaturacomparata.ro\/Site_Acta\/issues\/aic-23\/03%20Martinelli_FINAL.pdf\">Fratricidio e tratta degli schiavi nel N\u00e9grier di \u00c9douard Corbi\u00e8re<\/a><\/p>\n<p>Florence FIX<br \/>\n<a href=\"http:\/\/literaturacomparata.ro\/Site_Acta\/issues\/aic-23\/04%20Fix_FINAL.pdf\">Hantise de la guerre civile en France en 1873 : fr\u00e8res d\u2019armes plut\u00f4t que fr\u00e8res ennemis au th\u00e9\u00e2tre<\/a><\/p>\n<p>Drago\u015f AV\u0102DANEI<br \/>\n<a href=\"http:\/\/literaturacomparata.ro\/Site_Acta\/issues\/aic-23\/05%20Avadanei_FINAL.pdf\">The Potential Self As Brotherly Enemy<\/a><\/p>\n<p>Osvaldo Di PAOLO HARRISON<br \/>\n<a href=\"http:\/\/literaturacomparata.ro\/Site_Acta\/issues\/aic-23\/06%20Harrison_FINAL.pdf\">Femicidio. La mujer como causa de despecho entre dos hermanos en conflicto emocional en \u201cLa intrusa\u201d de Jorge Luis Borges<\/a><\/p>\n<p>Roberto RODR\u00cdGUEZ MIL\u00c1N<br \/>\n<a href=\"http:\/\/literaturacomparata.ro\/Site_Acta\/issues\/aic-23\/07%20Milan_FINAL.pdf\">Un m\u00e1ximo de libertad y concordia: Juli\u00e1n Mar\u00edas y la transici\u00f3n espa\u00f1ola a la democracia<\/a><\/p>\n<p>Caroline OULA\u00cf<br \/>\n<a href=\"http:\/\/literaturacomparata.ro\/Site_Acta\/issues\/aic-23\/08%20Oulai_FINAL.pdf\">Les Rougon-Macquart : rivalit\u00e9s au chevet d\u2019une m\u00e8re n\u00e9vros\u00e9e<\/a><\/p>\n<p>Elisabeth SCHULZ<br \/>\n<a href=\"http:\/\/literaturacomparata.ro\/Site_Acta\/issues\/aic-23\/09%20Schulz_FINAL.pdf\">Contexte hostile, pauvret\u00e9 et bonheur dans la litt\u00e9rature jud\u00e9o-m\u00e9diterran\u00e9enne et orientale francophone<\/a><\/p>\n<p>Adrian CRUPA<br \/>\n<a href=\"http:\/\/literaturacomparata.ro\/Site_Acta\/issues\/aic-23\/10_Crupa_FINAL.pdf\">Preumbl\u00e2nd c\u0103tre Moarte<\/a><\/p>\n<hr>\n<p><strong><a href=\"http:\/\/literaturacomparata.ro\/Site_Acta\/issues\/aic-23\/AIC_1_23_19_FULL.pdf\">Issue 23<\/a> (PDF)<\/strong>.<\/p>\n","protected":false},"excerpt":{"rendered":"<p>ACTA IASSYENSIA COMPARATIONIS, 23 (1\/2019) FRA\u0162I INAMICI Cuprins Lavinia SIMILARU Hermanos que enfrentan a sus hermanas para defender la honra de la familia en dos novelas ejemplares de Cervantes David PAIGNEAU Baudelaire, Delacroix, Nadar. Enjeux de la repr\u00e9sentation de soi, de l\u2019autre et du monde Lorella MARTINELLI Fratricidio e tratta degli schiavi nel N\u00e9grier di &hellip; <a href=\"https:\/\/literaturacomparata.ro\/aic\/?page_id=823&#038;lang=ro\" class=\"more-link\">Continue reading <span class=\"screen-reader-text\">23 (1\/2019) FRA\u021aI INAMICI<\/span> <span class=\"meta-nav\">&rarr;<\/span><\/a><\/p>\n","protected":false},"author":1,"featured_media":0,"parent":293,"menu_order":95,"comment_status":"closed","ping_status":"closed","template":"","meta":[],"_links":{"self":[{"href":"https:\/\/literaturacomparata.ro\/aic\/index.php?rest_route=\/wp\/v2\/pages\/823"}],"collection":[{"href":"https:\/\/literaturacomparata.ro\/aic\/index.php?rest_route=\/wp\/v2\/pages"}],"about":[{"href":"https:\/\/literaturacomparata.ro\/aic\/index.php?rest_route=\/wp\/v2\/types\/page"}],"author":[{"embeddable":true,"href":"https:\/\/literaturacomparata.ro\/aic\/index.php?rest_route=\/wp\/v2\/users\/1"}],"replies":[{"embeddable":true,"href":"https:\/\/literaturacomparata.ro\/aic\/index.php?rest_route=%2Fwp%2Fv2%2Fcomments&post=823"}],"version-history":[{"count":14,"href":"https:\/\/literaturacomparata.ro\/aic\/index.php?rest_route=\/wp\/v2\/pages\/823\/revisions"}],"predecessor-version":[{"id":1308,"href":"https:\/\/literaturacomparata.ro\/aic\/index.php?rest_route=\/wp\/v2\/pages\/823\/revisions\/1308"}],"up":[{"embeddable":true,"href":"https:\/\/literaturacomparata.ro\/aic\/index.php?rest_route=\/wp\/v2\/pages\/293"}],"wp:attachment":[{"href":"https:\/\/literaturacomparata.ro\/aic\/index.php?rest_route=%2Fwp%2Fv2%2Fmedia&parent=823"}],"curies":[{"name":"wp","href":"https:\/\/api.w.org\/{rel}","templated":true}]}}