{"id":563,"date":"2017-09-11T15:51:54","date_gmt":"2017-09-11T12:51:54","guid":{"rendered":"http:\/\/literaturacomparata.ro\/aic\/?page_id=563"},"modified":"2017-09-11T16:36:34","modified_gmt":"2017-09-11T13:36:34","slug":"42006-puterea","status":"publish","type":"page","link":"https:\/\/literaturacomparata.ro\/aic\/?page_id=563&lang=ro","title":{"rendered":"4\/2006, PUTEREA"},"content":{"rendered":"<h3>ACTA IASSYENSIA COMPARATIONIS, 4\/2006<br \/>\nPUTEREA<\/h3>\n<hr \/>\n<h4 style=\"text-align: left;\" align=\"center\"><strong>Cuprins<\/strong><\/h4>\n<h5 align=\"justify\"><strong><a href=\"file:\/\/\/E:\/ACTA\/Old\/public_html\/acta_site\/articole\/acta4\/4.2006_rezumate.pdf\">REZUMATE<\/a><\/strong><\/h5>\n<p align=\"justify\"><a href=\"http:\/\/www.literaturacomparata.ro\/Site_Acta\/Old\/acta4\/acta4_amougou.pdf\">Louis Bertin Amougou<\/a><br \/>\n<em>M\u00e9dias du pouvoir et pouvoir des m\u00e9dias chez quelques \u00e9crivains africains<\/em><\/p>\n<p align=\"justify\"><a href=\"http:\/\/www.literaturacomparata.ro\/Site_Acta\/Old\/acta4\/acta4_asaah.pdf\">Augustine H. Asaah<\/a><br \/>\n<em>Un autre regard sur le pouvoir primordial\u00a0: rapports p\u00e8res-enfants dans Une Vie de boy de Ferdinand Oyono<\/em><\/p>\n<p align=\"justify\"><a href=\"http:\/\/www.literaturacomparata.ro\/Site_Acta\/Old\/acta4\/acta4_bottineau.pdf\">Claire Bottineau<\/a><br \/>\n<em>La Querelle des femmes en paroles et en actes dans le Livre du Courtisan de Baldassar Castiglione<br \/>\n<\/em><\/p>\n<p align=\"justify\"><a href=\"http:\/\/www.literaturacomparata.ro\/Site_Acta\/Old\/acta4\/acta4_cap-bun.pdf\">Marina Cap-Bun<\/a><br \/>\n<em>The Metafictions of Power in I.L. Caragiale\u2019s Theatre<\/em><\/p>\n<p align=\"justify\"><a href=\"http:\/\/www.literaturacomparata.ro\/Site_Acta\/Old\/acta4\/acta4_carasco.pdf\">Chantal Carasco<\/a><br \/>\n<em>La perversion du pouvoir chez Saint-R\u00e9al (1643-1692)<\/em><\/p>\n<p align=\"justify\"><a href=\"http:\/\/www.literaturacomparata.ro\/Site_Acta\/Old\/acta4\/acta4_carlan.pdf\">Georgiana-Livia C\u00e2rlan-Antoci<\/a><br \/>\n<em>T\u0103ranul rom\u00e2n \u00eentre for\u0163ele naturii \u015fi puterile divine<\/em><\/p>\n<p align=\"justify\"><a href=\"http:\/\/www.literaturacomparata.ro\/Site_Acta\/Old\/acta4\/acta4_cifor.pdf\">Lucia Cifor<\/a><br \/>\n<em>\u201cIubirea aproapelui\u201d din perspectiva \u201cvoin\u0163ei de putere\u201d la Friedrich Nietzsche \u015fi Fiodor Mihailovici Dostoievski<\/em><\/p>\n<p align=\"justify\"><a href=\"http:\/\/www.literaturacomparata.ro\/Site_Acta\/Old\/acta4\/acta4_r.constantinescu.pdf\">Romani\u0163a Constantinescu<\/a><br \/>\n<em>Der fruchtbare Augenblick. Eine medientheoretische Untersuchung<\/em><\/p>\n<p align=\"justify\"><a href=\"http:\/\/www.literaturacomparata.ro\/Site_Acta\/Old\/acta4\/acta4_vsc.pdf\">Viorica S. Constantinescu<\/a><br \/>\n<em>Puterea lui Saul<\/em><\/p>\n<p align=\"justify\"><a href=\"http:\/\/www.literaturacomparata.ro\/Site_Acta\/Old\/acta4\/acta4_crihana.pdf\">Alina Crihan\u0103<\/a><br \/>\n<em>Imaginarul puterii \u00een romanul genera\u0163iei \u201960<\/em><\/p>\n<p align=\"justify\"><a href=\"http:\/\/www.literaturacomparata.ro\/Site_Acta\/Old\/acta4\/acta4_damian.pdf\">Eva-Claudia Damian<\/a><br \/>\n<em>Reprezent\u0103ri ale puterii \u00een Harry Potter<\/em><\/p>\n<p align=\"justify\"><a href=\"http:\/\/www.literaturacomparata.ro\/Site_Acta\/Old\/acta4\/acta4_delambre.pdf\">Raymond Delambre<\/a><br \/>\n<em>Pouvoir de la guerre et (contre)pouvoir po\u00e9tique: botte de cuir versus soulier de satin<\/em><\/p>\n<p align=\"justify\"><a href=\"http:\/\/www.literaturacomparata.ro\/Site_Acta\/Old\/acta4\/acta4_d.morency.pdf\">Catherine Dupuis-Morency<\/a><br \/>\n<em>Les armes du m\u00e9galomane\u00a0: petite m\u00e9thode pour devenir un po\u00e8te de race<\/em><\/p>\n<p align=\"justify\"><a href=\"http:\/\/www.literaturacomparata.ro\/Site_Acta\/Old\/acta4\/acta4_gogalniceanu.pdf\">C\u0103lina Gog\u0103lniceanu<\/a><br \/>\n<em>Collocations Hinting at Power<\/em><\/p>\n<p align=\"justify\"><a href=\"http:\/\/www.literaturacomparata.ro\/Site_Acta\/Old\/acta4\/acta4_gdg.pdf\">Gy\u00f6rfi-De\u00e1k Gy\u00f6rgy<\/a><em><br \/>\nTriumful neputinciosului<\/em><\/p>\n<p align=\"justify\"><a href=\"http:\/\/www.literaturacomparata.ro\/Site_Acta\/Old\/acta4\/acta4_s-gyorfi.pdf\">Simone Gy\u00f6rfi<\/a><br \/>\n<em>Puterea cunoa\u015fterii<\/em><\/p>\n<p align=\"justify\"><a href=\"http:\/\/www.literaturacomparata.ro\/Site_Acta\/Old\/acta4\/acta4_kis.pdf\">Kis Zsuzsa Eszter<\/a><br \/>\n<em>La libert\u00e9, un principe primordial de la conception du pouvoir de Montesquieu<\/em><\/p>\n<p align=\"justify\"><a href=\"http:\/\/www.literaturacomparata.ro\/Site_Acta\/Old\/acta4\/acta4_leclerc.pdf\">Natalia Leclerc<\/a><br \/>\n<em>Pouvoir de l\u2019argent et puissance romanesque chez Balzac, Dostoievski et Fitzgerald<\/em><\/p>\n<p align=\"justify\"><a href=\"http:\/\/www.literaturacomparata.ro\/Site_Acta\/Old\/acta4\/acta4_lecman.pdf\">Teodoro Pablo Lecman<\/a><br \/>\n<em>Notas sobre el poder o algunas observaciones sobre la idea de poder<\/em><\/p>\n<p align=\"justify\"><a href=\"http:\/\/www.literaturacomparata.ro\/Site_Acta\/Old\/acta4\/acta4_leplatre.pdf\">Olivier Leplatre<\/a><br \/>\n<em>Le pouvoir et ses fictions dans les Fables de La Fontaine<\/em><\/p>\n<p align=\"justify\"><a href=\"http:\/\/www.literaturacomparata.ro\/Site_Acta\/Old\/acta4\/acta4_melin.pdf\">Corinne M\u00e9lin<\/a><br \/>\n<em>L\u2019espace de la parole commune, \u00e0 partir d\u2019une oeuvre de Jean-Paul Thibeau<\/em><\/p>\n<p align=\"justify\"><a href=\"http:\/\/www.literaturacomparata.ro\/Site_Acta\/Old\/acta4\/acta4_mindie.pdf\">Pascal Mindi\u00e9<\/a><br \/>\n<em>La dramatisation du pouvoir politico-\u00e9conomique dans Voyage au bout de la nuit: le r\u00e9alisme socialiste de L.F. C\u00e9line<\/em><\/p>\n<p align=\"justify\"><a href=\"http:\/\/www.literaturacomparata.ro\/Site_Acta\/Old\/acta4\/acta4_niess.pdf\">Alexandre Niess<\/a><br \/>\n<em>L\u2019acc\u00e8s au pouvoir en France sous la Troisi\u00e8me R\u00e9publique (1871-1940). N\u00e9potisme, r\u00e9seaux de sociabilit\u00e9 et \u00e9lus de la Marne<\/em><\/p>\n<p align=\"justify\"><a href=\"http:\/\/www.literaturacomparata.ro\/Site_Acta\/Old\/acta4\/acta4_platini.pdf\">Vincent Platini<\/a><br \/>\n<em>Culture de masse et culture de crime\u00a0: le truand comme gardien de la paix sociale?<\/em><\/p>\n<p align=\"justify\"><a href=\"http:\/\/www.literaturacomparata.ro\/Site_Acta\/Old\/acta4\/acta4_popa.pdf\">George Popa<\/a><br \/>\n<em>La puissance de la m\u00e9taphore<\/em><\/p>\n<p align=\"justify\"><a href=\"http:\/\/www.literaturacomparata.ro\/Site_Acta\/Old\/acta4\/acta4_rocton.pdf\">Nicole Rocton<\/a><br \/>\n<em>Le pouvoir des humbles, \u00e0 travers l\u2019oeuvre de David Scheinert<\/em><\/p>\n<p align=\"justify\"><a href=\"http:\/\/www.literaturacomparata.ro\/Site_Acta\/Old\/acta4\/acta4_rusu.pdf\">Petric\u0103 Rusu<\/a><br \/>\n<em>Toamna patriarhului \u00ad\u2013 metafora autorit\u0103\u0163ii<\/em><\/p>\n<p align=\"justify\"><a href=\"http:\/\/www.literaturacomparata.ro\/Site_Acta\/Old\/acta4\/acta4_scarpulla.pdf\">Mattia Scarpulla<\/a><br \/>\n<em>Les repr\u00e9sentations d\u2019un pouvoir invisible dans la danse contemporaine<\/em><\/p>\n<p align=\"justify\"><a href=\"http:\/\/www.literaturacomparata.ro\/Site_Acta\/Old\/acta4\/acta4_sokolnikova.pdf\">Tatiana Sokolnikova<\/a><br \/>\n<em>Quelques r\u00e9flexions sur le concept de pouvoir chez Mikha?l Boulgakov<\/em><\/p>\n<p align=\"justify\"><a href=\"http:\/\/www.literaturacomparata.ro\/Site_Acta\/Old\/acta4\/acta4_spanu.pdf\">Petru\u0163a Sp\u00e2nu<\/a><br \/>\n<em>\u201eVoi nu c\u0103uta\u0163i dec\u00eet pl\u0103ceri \u015fi victime\u201c: puterea libertinului<\/em><\/p>\n<p align=\"justify\"><a href=\"http:\/\/www.literaturacomparata.ro\/Site_Acta\/Old\/acta4\/acta4_traore.pdf\">Fran\u00e7ois Bruno Traore<\/a><br \/>\n<em>Autorit\u00e9 et Tradition, deux formes pernicieuses du pouvoir dans la litt\u00e9rature fran\u00e7aise moderne<\/em><\/p>\n<p align=\"justify\"><a href=\"http:\/\/www.literaturacomparata.ro\/Site_Acta\/Old\/acta4\/acta4_urbani.pdf\">Bernard Urbani<\/a><br \/>\n<em>La nature et ses pouvoirs dans La fortune des Rougon d\u2019Emile Zola<\/em><\/p>\n<p align=\"justify\"><a href=\"http:\/\/www.literaturacomparata.ro\/Site_Acta\/Old\/acta4\/acta4_vernica.pdf\">Liliana Vernic\u0103<\/a><br \/>\n<em>Sensul puterii \u00een Povestea lui Harap Alb de Ion Creang\u0103<\/em><\/p>\n<h5 align=\"justify\"><strong>VARIA<\/strong><\/h5>\n<p align=\"justify\"><a href=\"http:\/\/www.literaturacomparata.ro\/Site_Acta\/Old\/acta4\/acta4_marcu.pdf\">Grigore Marcu<\/a><br \/>\n<em>Astronomische Andeutungen in Jean Pauls Werk<\/em><\/p>\n<p align=\"justify\"><a href=\"http:\/\/www.literaturacomparata.ro\/Site_Acta\/Old\/acta4\/acta4_voicu.pdf\">Amalia Voicu<\/a><br \/>\n<em>Exodos \u015fi eisodos la doi scriitori din aceea\u015fi mare deschis\u0103<\/em><\/p>\n<h5><strong>RECENZII<\/strong><\/h5>\n<p>Adrian Crupa, <em>Puterea modelelor: de la tradi\u0163ional la modern<\/em><\/p>\n<p align=\"justify\">C\u0103t\u0103lin Constantinescu, <em>Arhetipologia \u015fi provoc\u0103rile comparatismului contemporan<\/em><\/p>\n<p align=\"justify\">Ana-Maria \u015etefan, <em>Shifts of Power in the (Re-)Making of Cultural Identity<\/em><\/p>\n<p align=\"justify\">Eva Damian, <em>J.R.R. Tolkien. Credin\u0163\u0103 \u015fi imagina\u0163ie<\/em><\/p>\n<p align=\"justify\">Mihaela Cern\u0103u\u0163i-Gorode\u0163chi, <em>The Power and the Strength. The Code of the Musketeers in the Age of Totalitarianism<\/em><\/p>\n","protected":false},"excerpt":{"rendered":"<p>ACTA IASSYENSIA COMPARATIONIS, 4\/2006 PUTEREA Cuprins REZUMATE Louis Bertin Amougou M\u00e9dias du pouvoir et pouvoir des m\u00e9dias chez quelques \u00e9crivains africains Augustine H. Asaah Un autre regard sur le pouvoir primordial\u00a0: rapports p\u00e8res-enfants dans Une Vie de boy de Ferdinand Oyono Claire Bottineau La Querelle des femmes en paroles et en actes dans le Livre &hellip; <a href=\"https:\/\/literaturacomparata.ro\/aic\/?page_id=563&#038;lang=ro\" class=\"more-link\">Continue reading <span class=\"screen-reader-text\">4\/2006, PUTEREA<\/span> <span class=\"meta-nav\">&rarr;<\/span><\/a><\/p>\n","protected":false},"author":1,"featured_media":0,"parent":293,"menu_order":114,"comment_status":"closed","ping_status":"closed","template":"","meta":[],"_links":{"self":[{"href":"https:\/\/literaturacomparata.ro\/aic\/index.php?rest_route=\/wp\/v2\/pages\/563"}],"collection":[{"href":"https:\/\/literaturacomparata.ro\/aic\/index.php?rest_route=\/wp\/v2\/pages"}],"about":[{"href":"https:\/\/literaturacomparata.ro\/aic\/index.php?rest_route=\/wp\/v2\/types\/page"}],"author":[{"embeddable":true,"href":"https:\/\/literaturacomparata.ro\/aic\/index.php?rest_route=\/wp\/v2\/users\/1"}],"replies":[{"embeddable":true,"href":"https:\/\/literaturacomparata.ro\/aic\/index.php?rest_route=%2Fwp%2Fv2%2Fcomments&post=563"}],"version-history":[{"count":1,"href":"https:\/\/literaturacomparata.ro\/aic\/index.php?rest_route=\/wp\/v2\/pages\/563\/revisions"}],"predecessor-version":[{"id":564,"href":"https:\/\/literaturacomparata.ro\/aic\/index.php?rest_route=\/wp\/v2\/pages\/563\/revisions\/564"}],"up":[{"embeddable":true,"href":"https:\/\/literaturacomparata.ro\/aic\/index.php?rest_route=\/wp\/v2\/pages\/293"}],"wp:attachment":[{"href":"https:\/\/literaturacomparata.ro\/aic\/index.php?rest_route=%2Fwp%2Fv2%2Fmedia&parent=563"}],"curies":[{"name":"wp","href":"https:\/\/api.w.org\/{rel}","templated":true}]}}