{"id":513,"date":"2017-09-11T13:00:10","date_gmt":"2017-09-11T10:00:10","guid":{"rendered":"http:\/\/literaturacomparata.ro\/aic\/?page_id=513"},"modified":"2017-09-11T16:42:31","modified_gmt":"2017-09-11T13:42:31","slug":"112013-bucate-si-bauturi-perspective-culturale-2","status":"publish","type":"page","link":"https:\/\/literaturacomparata.ro\/aic\/?page_id=513&lang=ro","title":{"rendered":"11\/2013, BUCATE \u0218I B\u0102UTURI: PERSPECTIVE CULTURALE"},"content":{"rendered":"<h3>ACTA IASSYENSIA COMPARATIONIS, 11\/2013<br \/>\nBUCATE \u0218I B\u0102UTURI: PERSPECTIVE CULTURALE<\/h3>\n<hr \/>\n<h4 style=\"text-align: left;\" align=\"center\"><strong>Cuprins<\/strong><\/h4>\n<p><a href=\"http:\/\/www.literaturacomparata.ro\/Site_Acta\/Old\/acta11\/AIC_11_Grzesiak.pdf\">Czes\u0142aw GRZESIAK<\/a><br \/>\n<em>La pr\u00e9sence et les fonctions des repas dans la cr\u00e9ation de l\u2019univers romanesque de Robert Pinget<br \/>\n<\/em><br \/>\n<a href=\"http:\/\/www.literaturacomparata.ro\/Site_Acta\/Old\/acta11\/AIC_11_Settimini.pdf\">Marco SETTIMINI<\/a><br \/>\n<em>Cibo, alcol, visionariet\u00e0, scrittura. Quattro romanzieri \u201cdeleuziani\u201d: Kerouac, Fitzgerald, Zola, Miller<br \/>\n<\/em><br \/>\n<a href=\"http:\/\/www.literaturacomparata.ro\/Site_Acta\/Old\/acta11\/AIC_11_Williamson.pdf\">Owen M. WILLIAMSON<\/a><br \/>\n<em>Culinary Rhetoric and Rhetorical Cookery: Plato was Right After All<br \/>\n<\/em><br \/>\n<a href=\"http:\/\/www.literaturacomparata.ro\/Site_Acta\/Old\/acta11\/AIC_11_Bizek.pdf\">Renata BIZEK-TATARA<\/a><br \/>\n<em>L\u2019aliment et la construction des personnages dans Le rire de Laura et Divine de Fran\u00e7oise Mallet-Joris<br \/>\n<\/em><br \/>\n<a href=\"http:\/\/www.literaturacomparata.ro\/Site_Acta\/Old\/acta11\/AIC_11_Spanu.pdf\">Petru\u0163a SP\u00c2NU<\/a><br \/>\n<em>M<strong>\u00e2<\/strong>nc\u0103ruri <strong>\u015f<\/strong>i b\u0103uturi <strong>\u00ee<\/strong>n secolul al XVII-lea <strong>\u00ee<\/strong>n Fran\u0163a: Nicolas de Bonnefons<br \/>\n<\/em><br \/>\n<a href=\"http:\/\/www.literaturacomparata.ro\/Site_Acta\/Old\/acta11\/AIC_11_Munjal.pdf\">Savi MUNJAL<\/a><br \/>\n<em>\u201cHe Drinks the Knowledge in Greedy Haste\u201d: Tasting History Through James Gillray\u2019s Political Prints<br \/>\n<\/em><br \/>\n<a href=\"http:\/\/www.literaturacomparata.ro\/Site_Acta\/Old\/acta11\/AIC_11_Berti.pdf\">Ilaria BERTI<\/a><br \/>\n<em>Reinvenzione e creolizzazione. Il consumo alimentare dei colonizzatori britannici ai Caraibi nel diario di Matthew Lewis<br \/>\n<\/em><br \/>\n<a href=\"http:\/\/www.literaturacomparata.ro\/Site_Acta\/Old\/acta11\/AIC_11_Hickey.pdf\">Gail HICKEY<\/a><br \/>\n<em>\u2018Really, most of the women&#8217;s work is in the kitchen, cooking, you know?\u2019: Gender in U.S. South Asian food narratives<br \/>\n<\/em><br \/>\n<a href=\"http:\/\/www.literaturacomparata.ro\/Site_Acta\/Old\/acta11\/AIC_11_Darabus.pdf\">Carmen D\u0102R\u0102BU\u015e<\/a><br \/>\n<em>L&#8217;alimentazione come sistema alluvionale nella cultura degli aromeni<br \/>\n<\/em><br \/>\n<a href=\"http:\/\/www.literaturacomparata.ro\/Site_Acta\/Old\/acta11\/AIC_11_Worth.pdf\">Susannah WORTH<\/a><br \/>\n<em>Turtles and Turtling on the Florida Frontier<br \/>\n<\/em><br \/>\n<a href=\"http:\/\/www.literaturacomparata.ro\/Site_Acta\/Old\/acta11\/AIC_11_Pang.pdf\">Leo PANG<\/a><br \/>\n<em>Negotiating Multiple Authenticities: A Study of Regional Chinese Restaurants in Sydney<\/em><\/p>\n","protected":false},"excerpt":{"rendered":"<p>ACTA IASSYENSIA COMPARATIONIS, 11\/2013 BUCATE \u0218I B\u0102UTURI: PERSPECTIVE CULTURALE Cuprins Czes\u0142aw GRZESIAK La pr\u00e9sence et les fonctions des repas dans la cr\u00e9ation de l\u2019univers romanesque de Robert Pinget Marco SETTIMINI Cibo, alcol, visionariet\u00e0, scrittura. Quattro romanzieri \u201cdeleuziani\u201d: Kerouac, Fitzgerald, Zola, Miller Owen M. WILLIAMSON Culinary Rhetoric and Rhetorical Cookery: Plato was Right After All Renata &hellip; <a href=\"https:\/\/literaturacomparata.ro\/aic\/?page_id=513&#038;lang=ro\" class=\"more-link\">Continue reading <span class=\"screen-reader-text\">11\/2013, BUCATE \u0218I B\u0102UTURI: PERSPECTIVE CULTURALE<\/span> <span class=\"meta-nav\">&rarr;<\/span><\/a><\/p>\n","protected":false},"author":1,"featured_media":0,"parent":293,"menu_order":107,"comment_status":"closed","ping_status":"closed","template":"","meta":[],"_links":{"self":[{"href":"https:\/\/literaturacomparata.ro\/aic\/index.php?rest_route=\/wp\/v2\/pages\/513"}],"collection":[{"href":"https:\/\/literaturacomparata.ro\/aic\/index.php?rest_route=\/wp\/v2\/pages"}],"about":[{"href":"https:\/\/literaturacomparata.ro\/aic\/index.php?rest_route=\/wp\/v2\/types\/page"}],"author":[{"embeddable":true,"href":"https:\/\/literaturacomparata.ro\/aic\/index.php?rest_route=\/wp\/v2\/users\/1"}],"replies":[{"embeddable":true,"href":"https:\/\/literaturacomparata.ro\/aic\/index.php?rest_route=%2Fwp%2Fv2%2Fcomments&post=513"}],"version-history":[{"count":1,"href":"https:\/\/literaturacomparata.ro\/aic\/index.php?rest_route=\/wp\/v2\/pages\/513\/revisions"}],"predecessor-version":[{"id":514,"href":"https:\/\/literaturacomparata.ro\/aic\/index.php?rest_route=\/wp\/v2\/pages\/513\/revisions\/514"}],"up":[{"embeddable":true,"href":"https:\/\/literaturacomparata.ro\/aic\/index.php?rest_route=\/wp\/v2\/pages\/293"}],"wp:attachment":[{"href":"https:\/\/literaturacomparata.ro\/aic\/index.php?rest_route=%2Fwp%2Fv2%2Fmedia&parent=513"}],"curies":[{"name":"wp","href":"https:\/\/api.w.org\/{rel}","templated":true}]}}