{"id":470,"date":"2017-09-11T11:27:18","date_gmt":"2017-09-11T08:27:18","guid":{"rendered":"http:\/\/literaturacomparata.ro\/aic\/?page_id=470"},"modified":"2020-10-19T13:01:27","modified_gmt":"2020-10-19T10:01:27","slug":"16-22015-frontieres","status":"publish","type":"page","link":"https:\/\/literaturacomparata.ro\/aic\/?page_id=470&lang=fr","title":{"rendered":"16 (2\/2015) FRONTI\u00c8RES"},"content":{"rendered":"<h3 style=\"text-align: left;\" align=\"center\"><strong>ACTA IASSYENSIA COMPARATIONIS, 16 (2\/2015)<br \/>\nFRONTI\u00c8RES<br \/>\n<\/strong><\/h3>\n<hr \/>\n<h4 style=\"text-align: left;\" align=\"center\"><strong><a href=\"http:\/\/literaturacomparata.ro\/aic\/?page_id=470&amp;lang=fr\"><img decoding=\"async\" loading=\"lazy\" class=\"alignleft size-full wp-image-1271\" src=\"http:\/\/literaturacomparata.ro\/aic\/wp-content\/uploads\/2020\/10\/16-AIC-web-2.jpg\" alt=\"\" width=\"210\" height=\"300\" \/><\/a>Contenu<\/strong><\/h4>\n<p>Emanuel GROSU<br \/>\n<a href=\"http:\/\/www.literaturacomparata.ro\/Site_Acta\/Old\/acta16\/01.AIC_16_Grosu.pdf\" target=\"_blank\" rel=\"noopener noreferrer\">Frontier\u0103 utopic\u0103<\/a><\/p>\n<p>Francis Ets\u00e8 AWITOR<br \/>\n<a href=\"http:\/\/www.literaturacomparata.ro\/Site_Acta\/Old\/acta16\/02.AIC_16_Awitor.pdf\" target=\"_blank\" rel=\"noopener noreferrer\">Ici et ailleurs : la notion de fronti\u00e8re(s) dans <em>Le Ventre de l\u2019Atlantique<\/em> de Fatou Diome<\/a><\/p>\n<p>Yao Lambert KONAN<br \/>\n<a href=\"http:\/\/www.literaturacomparata.ro\/Site_Acta\/Old\/acta16\/03.AIC_16_Konan.pdf\" target=\"_blank\" rel=\"noopener noreferrer\">Renart, personnage des fronti\u00e8res<\/a><\/p>\n<p>Drago\u015f AV\u0102DANEI<br \/>\n<a href=\"http:\/\/www.literaturacomparata.ro\/Site_Acta\/Old\/acta16\/04.AIC_16_Avadanei.pdf\" target=\"_blank\" rel=\"noopener noreferrer\">Something There Is That Doesn\u2019t Love\u2026 Frontiers<\/a><\/p>\n<p>B\u00e9chir KAHIA<br \/>\n<a href=\"http:\/\/www.literaturacomparata.ro\/Site_Acta\/Old\/acta16\/05.AIC_16_Kahia.pdf\" target=\"_blank\" rel=\"noopener noreferrer\">Les fronti\u00e8res du z\u00e9ro dans <em>L\u2019Iris de Suse<\/em> de Jean Giono<\/a><\/p>\n<p>Alexander RUBEL<br \/>\n<a href=\"http:\/\/www.literaturacomparata.ro\/Site_Acta\/Old\/acta16\/06.AIC_16_Rubel.pdf\" target=\"_blank\" rel=\"noopener noreferrer\">Der Lotse im Malstrom. Ernst J\u00fcngers literarische Selbststilisierung in den \u00ab Pariser Tageb\u00fcchern \u00bb<\/a><\/p>\n<p>Cecilia MATICIUC<br \/>\n<a href=\"http:\/\/www.literaturacomparata.ro\/Site_Acta\/Old\/acta16\/07.AIC_16_Maticiuc.pdf\" target=\"_blank\" rel=\"noopener noreferrer\">Frontiere ale subteranei la Vladimir Makanin<\/a><\/p>\n<h4>Revues:<\/h4>\n<p>Andreea MIRONESCU<br \/>\n<a href=\"http:\/\/www.literaturacomparata.ro\/Site_Acta\/Old\/acta16\/08.AIC_16_Mironescu.pdf\" target=\"_blank\" rel=\"noopener noreferrer\">Bogdan Cre\u021bu, <em>Inorogul la Por\u021bile Orientului. Bestiarul lui Dimitrie Cantemir<\/em>. Vol. I <em>Premisis. Bestia Domini<\/em>; Vol. II <em>Bestia Diaboli<\/em><\/a><\/p>\n<hr \/>\n<p><strong><a href=\"http:\/\/literaturacomparata.ro\/Site_Acta\/issues\/aic-16\/AIC_16_FULL.pdf\">Numero 16<\/a> (PDF)<\/strong>.<\/p>\n","protected":false},"excerpt":{"rendered":"<p>ACTA IASSYENSIA COMPARATIONIS, 16 (2\/2015) FRONTI\u00c8RES Contenu Emanuel GROSU Frontier\u0103 utopic\u0103 Francis Ets\u00e8 AWITOR Ici et ailleurs : la notion de fronti\u00e8re(s) dans Le Ventre de l\u2019Atlantique de Fatou Diome Yao Lambert KONAN Renart, personnage des fronti\u00e8res Drago\u015f AV\u0102DANEI Something There Is That Doesn\u2019t Love\u2026 Frontiers B\u00e9chir KAHIA Les fronti\u00e8res du z\u00e9ro dans L\u2019Iris de &hellip; <a href=\"https:\/\/literaturacomparata.ro\/aic\/?page_id=470&#038;lang=fr\" class=\"more-link\">Continue reading <span class=\"screen-reader-text\">16 (2\/2015) FRONTI\u00c8RES<\/span> <span class=\"meta-nav\">&rarr;<\/span><\/a><\/p>\n","protected":false},"author":1,"featured_media":0,"parent":296,"menu_order":102,"comment_status":"closed","ping_status":"closed","template":"","meta":[],"_links":{"self":[{"href":"https:\/\/literaturacomparata.ro\/aic\/index.php?rest_route=\/wp\/v2\/pages\/470"}],"collection":[{"href":"https:\/\/literaturacomparata.ro\/aic\/index.php?rest_route=\/wp\/v2\/pages"}],"about":[{"href":"https:\/\/literaturacomparata.ro\/aic\/index.php?rest_route=\/wp\/v2\/types\/page"}],"author":[{"embeddable":true,"href":"https:\/\/literaturacomparata.ro\/aic\/index.php?rest_route=\/wp\/v2\/users\/1"}],"replies":[{"embeddable":true,"href":"https:\/\/literaturacomparata.ro\/aic\/index.php?rest_route=%2Fwp%2Fv2%2Fcomments&post=470"}],"version-history":[{"count":2,"href":"https:\/\/literaturacomparata.ro\/aic\/index.php?rest_route=\/wp\/v2\/pages\/470\/revisions"}],"predecessor-version":[{"id":1272,"href":"https:\/\/literaturacomparata.ro\/aic\/index.php?rest_route=\/wp\/v2\/pages\/470\/revisions\/1272"}],"up":[{"embeddable":true,"href":"https:\/\/literaturacomparata.ro\/aic\/index.php?rest_route=\/wp\/v2\/pages\/296"}],"wp:attachment":[{"href":"https:\/\/literaturacomparata.ro\/aic\/index.php?rest_route=%2Fwp%2Fv2%2Fmedia&parent=470"}],"curies":[{"name":"wp","href":"https:\/\/api.w.org\/{rel}","templated":true}]}}