{"id":308,"date":"2017-04-04T05:59:59","date_gmt":"2017-04-04T05:59:59","guid":{"rendered":"http:\/\/literaturacomparata.ro\/aic\/?page_id=308"},"modified":"2020-10-19T13:11:10","modified_gmt":"2020-10-19T10:11:10","slug":"18-22016-voyages-et-voyageurs","status":"publish","type":"page","link":"https:\/\/literaturacomparata.ro\/aic\/?page_id=308&lang=fr","title":{"rendered":"18 (2\/2016) VOYAGES ET VOYAGEURS"},"content":{"rendered":"<h3 style=\"text-align: left;\" align=\"center\"><strong>ACTA IASSYENSIA COMPARATIONIS, 18 (2\/2016)<br \/>\nVOYAGES ET VOYAGEURS<br \/>\n<\/strong><\/h3>\n<hr \/>\n<h4 style=\"text-align: left;\" align=\"center\"><strong><a href=\"http:\/\/literaturacomparata.ro\/aic\/wp-content\/uploads\/2020\/10\/18-AIC-web-2.jpg\"><img decoding=\"async\" loading=\"lazy\" class=\"alignleft size-full wp-image-1288\" src=\"http:\/\/literaturacomparata.ro\/aic\/wp-content\/uploads\/2020\/10\/18-AIC-web-2.jpg\" alt=\"\" width=\"212\" height=\"300\" \/><\/a>Contenu<\/strong><\/h4>\n<p>Marius-Adrian HAZAPARU<br \/>\n<a href=\"http:\/\/www.literaturacomparata.ro\/Site_Acta\/PDF\/Numar%20curent\/01.AIC_18_Hazaparu.pdf\" target=\"_blank\" rel=\"noopener noreferrer\"><i>Travels with Herodotus<\/i>. On media ethnocentrism, otherness and the mission of the journalist working as a foreign correspondent<\/a><a href=\"http:\/\/www.literaturacomparata.ro\/Site_Acta\/PDF\/Numar%20curent\/01.AIC_17_Lebbal.pdf\" target=\"_blank\" rel=\"noopener noreferrer\"><br \/>\n<\/a><br \/>\nNikola VANGELI<br \/>\n<a href=\"http:\/\/www.literaturacomparata.ro\/Site_Acta\/PDF\/Numar%20curent\/02.AIC_18_Vangeli.pdf\" target=\"_blank\" rel=\"noopener noreferrer\">Goran Stefanovski: \u00cen c\u0103utarea Itac\u0103i pierdute<\/a><a href=\"http:\/\/www.literaturacomparata.ro\/Site_Acta\/PDF\/Numar%20curent\/02.AIC_17_Cagnolati_Conejo.pdf\" target=\"_blank\" rel=\"noopener noreferrer\"><br \/>\n<\/a><br \/>\nIulia MILIC\u0102<br \/>\n<a href=\"http:\/\/www.literaturacomparata.ro\/Site_Acta\/PDF\/Numar%20curent\/03.AIC_18_Milica.pdf\" target=\"_blank\" rel=\"noopener noreferrer\">Women And Medieval Travels: <i>The Book Of Margery Kempe<\/i><\/a><a href=\"http:\/\/www.literaturacomparata.ro\/Site_Acta\/PDF\/Numar%20curent\/03.AIC_17_Settimini.pdf\" target=\"_blank\" rel=\"noopener noreferrer\"><br \/>\n<\/a><br \/>\nGa\u00eblle FOUR\u00c8S-LEGRAND<br \/>\n<a href=\"http:\/\/www.literaturacomparata.ro\/Site_Acta\/PDF\/Numar%20curent\/04.AIC_18_Legrand.pdf\" target=\"_blank\" rel=\"noopener noreferrer\">Les \u00e9crivains voyageurs ou les voyageurs \u00e9crivains de journaux et relations d\u2019un voyage aux Indes Orientales (1690-1691) <\/a><\/p>\n<p>Mary T. DUARTE<br \/>\n<a href=\"http:\/\/www.literaturacomparata.ro\/Site_Acta\/PDF\/Numar%20curent\/05.AIC_18_Duarte.pdf\" target=\"_blank\" rel=\"noopener noreferrer\">Returning to the Continent \u2013 British Travelers to France, 1814<\/a><\/p>\n<p>\u00c1kos N\u00c9METH<br \/>\n<a href=\"http:\/\/www.literaturacomparata.ro\/Site_Acta\/PDF\/Numar%20curent\/06.AIC_18_Nemeth.pdf\" target=\"_blank\" rel=\"noopener noreferrer\"><em>L\u2019Acte Manqu\u00e9<\/em> In Search of Lost Cultures: S\u00e1ndor M\u00e1rai, a Central European Post-War Traveller in the East<\/a><\/p>\n<p>David CHIPFUPA<br \/>\n<a href=\"http:\/\/www.literaturacomparata.ro\/Site_Acta\/PDF\/Numar%20curent\/07.AIC_18_Chipfupa.pdf\" target=\"_blank\" rel=\"noopener noreferrer\">Travel, migration and the redefinition of home in two Zimbabwean novels<\/a><\/p>\n<p>Paul MIHALACHE<br \/>\n<a href=\"http:\/\/www.literaturacomparata.ro\/Site_Acta\/PDF\/Numar%20curent\/08.AIC_18_Mihalache.pdf\" target=\"_blank\" rel=\"noopener noreferrer\">Amurgul tr\u0103irii, \u00eenceputul am\u0103girii (Jurnalul intim: <i>O promisiune de sinceritate<\/i>)<\/a><\/p>\n<p>Roxana TALEF<br \/>\n<a href=\"http:\/\/www.literaturacomparata.ro\/Site_Acta\/PDF\/Numar%20curent\/09.AIC_18_Talef.pdf\" target=\"_blank\" rel=\"noopener noreferrer\">\u00cen pas cu Vladimir Nabokov: c\u0103l\u0103torie metanarativ\u0103 \u00een <i>Lolita<\/i><\/a><\/p>\n<p>Oana URSU<br \/>\n<a href=\"http:\/\/www.literaturacomparata.ro\/Site_Acta\/PDF\/Numar%20curent\/10.AIC_18_Ursu.pdf\" target=\"_blank\" rel=\"noopener noreferrer\">Back in Time Travel(s): Translating Mircea C\u0103rt\u0103rescu\u2019s <i>Nostalgia<\/i><\/a><\/p>\n<p>Ileana Oana MACARI<br \/>\n<a href=\"http:\/\/www.literaturacomparata.ro\/Site_Acta\/PDF\/Numar%20curent\/11.AIC_18_Macari.pdf\" target=\"_blank\" rel=\"noopener noreferrer\">British Travellers Stick Together \u2013 Olivia Manning\u2019s Gulliver in the Balkans<\/a><\/p>\n<hr \/>\n<p><strong><a href=\"http:\/\/literaturacomparata.ro\/Site_Acta\/issues\/aic-18\/AIC_18_FULL.pdf\">Numero 18<\/a> (PDF)<\/strong><\/p>\n","protected":false},"excerpt":{"rendered":"<p>ACTA IASSYENSIA COMPARATIONIS, 18 (2\/2016) VOYAGES ET VOYAGEURS Contenu Marius-Adrian HAZAPARU Travels with Herodotus. On media ethnocentrism, otherness and the mission of the journalist working as a foreign correspondent Nikola VANGELI Goran Stefanovski: \u00cen c\u0103utarea Itac\u0103i pierdute Iulia MILIC\u0102 Women And Medieval Travels: The Book Of Margery Kempe Ga\u00eblle FOUR\u00c8S-LEGRAND Les \u00e9crivains voyageurs ou les &hellip; <a href=\"https:\/\/literaturacomparata.ro\/aic\/?page_id=308&#038;lang=fr\" class=\"more-link\">Continue reading <span class=\"screen-reader-text\">18 (2\/2016) VOYAGES ET VOYAGEURS<\/span> <span class=\"meta-nav\">&rarr;<\/span><\/a><\/p>\n","protected":false},"author":1,"featured_media":0,"parent":296,"menu_order":100,"comment_status":"closed","ping_status":"closed","template":"","meta":[],"_links":{"self":[{"href":"https:\/\/literaturacomparata.ro\/aic\/index.php?rest_route=\/wp\/v2\/pages\/308"}],"collection":[{"href":"https:\/\/literaturacomparata.ro\/aic\/index.php?rest_route=\/wp\/v2\/pages"}],"about":[{"href":"https:\/\/literaturacomparata.ro\/aic\/index.php?rest_route=\/wp\/v2\/types\/page"}],"author":[{"embeddable":true,"href":"https:\/\/literaturacomparata.ro\/aic\/index.php?rest_route=\/wp\/v2\/users\/1"}],"replies":[{"embeddable":true,"href":"https:\/\/literaturacomparata.ro\/aic\/index.php?rest_route=%2Fwp%2Fv2%2Fcomments&post=308"}],"version-history":[{"count":4,"href":"https:\/\/literaturacomparata.ro\/aic\/index.php?rest_route=\/wp\/v2\/pages\/308\/revisions"}],"predecessor-version":[{"id":1289,"href":"https:\/\/literaturacomparata.ro\/aic\/index.php?rest_route=\/wp\/v2\/pages\/308\/revisions\/1289"}],"up":[{"embeddable":true,"href":"https:\/\/literaturacomparata.ro\/aic\/index.php?rest_route=\/wp\/v2\/pages\/296"}],"wp:attachment":[{"href":"https:\/\/literaturacomparata.ro\/aic\/index.php?rest_route=%2Fwp%2Fv2%2Fmedia&parent=308"}],"curies":[{"name":"wp","href":"https:\/\/api.w.org\/{rel}","templated":true}]}}