{"id":293,"date":"2016-10-04T07:28:15","date_gmt":"2016-10-04T07:28:15","guid":{"rendered":"http:\/\/literaturacomparata.ro\/aic\/?page_id=293"},"modified":"2026-03-30T18:07:12","modified_gmt":"2026-03-30T15:07:12","slug":"arhiva","status":"publish","type":"page","link":"https:\/\/literaturacomparata.ro\/aic\/?page_id=293&lang=ro","title":{"rendered":"Arhiv\u0103"},"content":{"rendered":"<h3 style=\"text-align: left;\" align=\"center\"><strong>ARHIV\u0102<\/strong><\/h3>\n<hr \/>\n<h6><strong>1\/2003 <\/strong><strong><a href=\"http:\/\/literaturacomparata.ro\/aic\/?page_id=587&amp;lang=ro\" target=\"_blank\" rel=\"noopener noreferrer\">OCCIDENT \/ ORIENT<\/a><\/strong><\/h6>\n<h6><strong>2\/2004 <\/strong><strong><a href=\"http:\/\/literaturacomparata.ro\/aic\/?page_id=578&amp;lang=ro\" target=\"_blank\" rel=\"noopener noreferrer\">IDENTITATE \/ ALTERITATE<\/a><\/strong><\/h6>\n<h6><strong>3\/2005 <\/strong><strong><a href=\"http:\/\/literaturacomparata.ro\/aic\/?page_id=570&amp;lang=ro\" target=\"_blank\" rel=\"noopener noreferrer\">IMAGOLOGIA EXODULUI<\/a><\/strong><\/h6>\n<h6><strong>4\/2006 <\/strong><strong><a href=\"http:\/\/literaturacomparata.ro\/aic\/?page_id=563&amp;lang=ro\" target=\"_blank\" rel=\"noopener noreferrer\">PUTEREA<\/a><\/strong><\/h6>\n<h6><strong>5\/2007 <\/strong><strong><span lang=\"ro\" xml:lang=\"ro\"><a href=\"http:\/\/literaturacomparata.ro\/aic\/?page_id=556&amp;lang=ro\" target=\"_blank\" rel=\"noopener noreferrer\">CENTRU \u015eI PERIFERIE<\/a><\/span><\/strong><\/h6>\n<h6><strong>6\/2008 <\/strong><strong><a href=\"http:\/\/literaturacomparata.ro\/aic\/?page_id=550&amp;lang=ro\" target=\"_blank\" rel=\"noopener noreferrer\">RA\u0162IONAL-IRA\u0162IONAL<\/a><\/strong><\/h6>\n<h6><strong>7\/2009 <\/strong><span lang=\"ro\" xml:lang=\"ro\"><strong><a href=\"http:\/\/literaturacomparata.ro\/aic\/?page_id=543&amp;lang=ro\" target=\"_blank\" rel=\"noopener noreferrer\">(SU)R\u00c2SUL<\/a><\/strong><\/span><\/h6>\n<h6><strong>8\/2010 <\/strong><span lang=\"ro\" xml:lang=\"ro\"><strong><a href=\"http:\/\/literaturacomparata.ro\/aic\/?page_id=537&amp;lang=ro\" target=\"_blank\" rel=\"noopener noreferrer\">ALTE LUMI<\/a><\/strong><\/span><\/h6>\n<h6><strong>9\/2011 <\/strong><span lang=\"ro\" xml:lang=\"ro\"><strong><a href=\"http:\/\/literaturacomparata.ro\/aic\/?page_id=530&amp;lang=ro\" target=\"_blank\" rel=\"noopener noreferrer\">M\u0102\u015eTI<\/a><\/strong><\/span><\/h6>\n<h6><strong>10\/2012 <\/strong><span lang=\"ro\" xml:lang=\"ro\"><strong><a href=\"http:\/\/literaturacomparata.ro\/aic\/?page_id=522&amp;lang=ro\" target=\"_blank\" rel=\"noopener noreferrer\">RITURI DE TRECERE<\/a><\/strong><\/span><\/h6>\n<h6><strong>11\/2013 <\/strong><span lang=\"ro\" xml:lang=\"ro\"><strong><a href=\"http:\/\/literaturacomparata.ro\/aic\/?page_id=513&amp;lang=ro\" target=\"_blank\" rel=\"noopener noreferrer\">BUCATE \u015eI B\u0102UTURI: PERSPECTIVE CULTURALE<\/a><\/strong><\/span><\/h6>\n<h6><strong>12\/2013 <\/strong><span lang=\"ro\" xml:lang=\"ro\"><strong><a href=\"http:\/\/literaturacomparata.ro\/aic\/?page_id=498&amp;lang=ro\" target=\"_blank\" rel=\"noopener noreferrer\">QUESTS \u2013 CONQUESTS \/ QU\u00caTES\u2013 CONQU\u00caTES<\/a><\/strong><\/span><\/h6>\n<h6><strong>13 (1\/2014) <\/strong><span lang=\"ro\" xml:lang=\"ro\"><strong><a href=\"http:\/\/literaturacomparata.ro\/aic\/?page_id=492&amp;lang=ro\" target=\"_blank\" rel=\"noopener noreferrer\">RU\u015eINEA<\/a><\/strong><\/span><\/h6>\n<h6><strong>14 (2\/2014) <\/strong><span lang=\"ro\" xml:lang=\"ro\"><strong><a href=\"http:\/\/literaturacomparata.ro\/aic\/?page_id=484&amp;lang=ro\" target=\"_blank\" rel=\"noopener noreferrer\">SCENT, SOUND AND COLOUR \/ ODEUR, SON ET COULEUR<\/a><\/strong><\/span><\/h6>\n<h6><strong>15 (1\/2015) <\/strong><span lang=\"ro\" xml:lang=\"ro\"><strong><a href=\"http:\/\/literaturacomparata.ro\/aic\/?page_id=474&amp;lang=ro\" target=\"_blank\" rel=\"noopener noreferrer\">EROI \u015eI ANTIEROI<\/a><\/strong><\/span><\/h6>\n<h6><strong>16 (2\/2015) <\/strong><span lang=\"ro\" xml:lang=\"ro\"><strong><a href=\"http:\/\/literaturacomparata.ro\/aic\/?page_id=468&amp;lang=ro\" target=\"_blank\" rel=\"noopener noreferrer\">FRONTIERE<\/a><\/strong><\/span><\/h6>\n<h6><strong>17 (1\/2016) <\/strong><span lang=\"ro\" xml:lang=\"ro\"><strong><a href=\"http:\/\/literaturacomparata.ro\/aic\/?page_id=461&amp;lang=ro\" target=\"_blank\" rel=\"noopener noreferrer\">NEBUNIA<\/a><\/strong><\/span><\/h6>\n<h6><strong>18 (2\/2016) <\/strong><span lang=\"ro\" xml:lang=\"ro\"><strong><a href=\"http:\/\/literaturacomparata.ro\/aic\/?page_id=310&amp;lang=ro\" target=\"_blank\" rel=\"noopener noreferrer\">C\u0102L\u0102TORII \u0218I C\u0102L\u0102TORI<\/a><\/strong><\/span><\/h6>\n<h6><strong>19 (1\/2017) <\/strong><span lang=\"ro\" xml:lang=\"ro\"><strong><a href=\"http:\/\/literaturacomparata.ro\/aic\/?page_id=133&amp;lang=ro\" target=\"_blank\" rel=\"noopener noreferrer\">CRIZE FAMILIALE<\/a><\/strong><\/span><\/h6>\n<h6><strong>20 (2\/2017) <\/strong><span lang=\"ro\" xml:lang=\"ro\"><strong><a href=\"http:\/\/literaturacomparata.ro\/aic\/?page_id=627&amp;lang=ro\" target=\"_blank\" rel=\"noopener noreferrer\">VIS \u0218I REALITATE<\/a><\/strong><\/span><\/h6>\n<h6><strong>21 (1\/2018) <\/strong><span lang=\"ro\" xml:lang=\"ro\"><strong><a href=\"http:\/\/literaturacomparata.ro\/aic\/?page_id=741&amp;lang=en\" target=\"_blank\" rel=\"noopener noreferrer\">CREDIN\u021a\u0102 \u0218I TR\u0102DARE<\/a><\/strong><\/span><\/h6>\n<h6><strong>22 (2\/2018) <\/strong><span lang=\"ro\" xml:lang=\"ro\"><strong><a href=\"http:\/\/literaturacomparata.ro\/aic\/?page_id=936&amp;lang=ro\" target=\"_blank\" rel=\"noopener noreferrer\">MEMORIE \u0218I UITARE<\/a><\/strong><\/span><\/h6>\n<h6><strong>23 (1\/2019) <\/strong><a href=\"http:\/\/literaturacomparata.ro\/aic\/?page_id=823&amp;lang=ro\"><span lang=\"ro\" xml:lang=\"ro\"><strong>FRA\u021aI INAMICI<\/strong><\/span><\/a><\/h6>\n<h6>24 (2\/2019) <a href=\"http:\/\/literaturacomparata.ro\/aic\/?page_id=1065&amp;lang=ro\">REALITATE-IREALITATE<\/a><\/h6>\n<h6>25 (1\/2020) <a href=\"http:\/\/literaturacomparata.ro\/aic\/?page_id=1146&amp;lang=ro\">ISTORIE &#8211; ISTORII<\/a><\/h6>\n<h6>26 (2\/2020) <a href=\"http:\/\/literaturacomparata.ro\/aic\/?page_id=1459&amp;lang=ro\">RESCRIERE \u015eI REINTERPRETARE<\/a><\/h6>\n<h6>27 (1\/2021) <a href=\"http:\/\/literaturacomparata.ro\/aic\/?page_id=1506&amp;lang=ro\"><span style=\"color: #993300;\">UR\u0102<\/span><\/a><\/h6>\n<h6>28 (2\/2021) <a href=\"http:\/\/literaturacomparata.ro\/aic\/?page_id=1647&amp;lang=ro\">LITERATURA \u015eI CULTURA POP<\/a><\/h6>\n<h6>29 (1\/2022) <a href=\"http:\/\/literaturacomparata.ro\/aic\/?page_id=1711&amp;lang=ro\">MON\u015eTRII \u00ceN LITERATUR\u0102<\/a><\/h6>\n<h6>30 (2\/2022) <a href=\"http:\/\/literaturacomparata.ro\/aic\/?page_id=1866&amp;lang=ro\">C\u0102R\u0162ILE \u015eI SCRISUL C\u0102R\u0162ILOR \u00ceN LITERATUR\u0102<\/a><\/h6>\n<h6>31 (1\/2023) <a href=\"https:\/\/literaturacomparata.ro\/aic\/?page_id=1594&amp;lang=ro\">CORPUL UMAN \u015eI CORPORALITATEA \u00ceN LITERATUR\u0102<\/a><\/h6>\n<h6>32 (2\/2023) <a href=\"https:\/\/literaturacomparata.ro\/aic\/?page_id=2037&amp;lang=ro\">LITERATUR\u0102 \u0218I FILM<\/a><\/h6>\n<h6>33 (1\/2024) <a href=\"https:\/\/literaturacomparata.ro\/aic\/?page_id=1956&amp;lang=ro\">R\u0102ZBOIUL \u00ceN LITERATUR\u0102<\/a><\/h6>\n<h6>34 (2\/2024) <!--StartFragment --><a href=\"https:\/\/literaturacomparata.ro\/aic\/?page_id=2199&amp;lang=ro\"><span class=\"cf0\">VISUL \u00ceN LITERATUR<\/span><span class=\"cf1\">\u0102<\/span><\/a><!--EndFragment --><\/h6>\n<h6>35 (1\/2025) <!--StartFragment --><a href=\"https:\/\/literaturacomparata.ro\/aic\/?page_id=2316&amp;lang=ro\"><span class=\"cf0\">ISPITA<\/span><\/a><\/h6>\n","protected":false},"excerpt":{"rendered":"<p>ARHIV\u0102 1\/2003 OCCIDENT \/ ORIENT 2\/2004 IDENTITATE \/ ALTERITATE 3\/2005 IMAGOLOGIA EXODULUI 4\/2006 PUTEREA 5\/2007 CENTRU \u015eI PERIFERIE 6\/2008 RA\u0162IONAL-IRA\u0162IONAL 7\/2009 (SU)R\u00c2SUL 8\/2010 ALTE LUMI 9\/2011 M\u0102\u015eTI 10\/2012 RITURI DE TRECERE 11\/2013 BUCATE \u015eI B\u0102UTURI: PERSPECTIVE CULTURALE 12\/2013 QUESTS \u2013 CONQUESTS \/ QU\u00caTES\u2013 CONQU\u00caTES 13 (1\/2014) RU\u015eINEA 14 (2\/2014) SCENT, SOUND AND COLOUR \/ ODEUR, &hellip; <a href=\"https:\/\/literaturacomparata.ro\/aic\/?page_id=293&#038;lang=ro\" class=\"more-link\">Continue reading <span class=\"screen-reader-text\">Arhiv\u0103<\/span> <span class=\"meta-nav\">&rarr;<\/span><\/a><\/p>\n","protected":false},"author":1,"featured_media":0,"parent":187,"menu_order":0,"comment_status":"closed","ping_status":"closed","template":"","meta":[],"_links":{"self":[{"href":"https:\/\/literaturacomparata.ro\/aic\/index.php?rest_route=\/wp\/v2\/pages\/293"}],"collection":[{"href":"https:\/\/literaturacomparata.ro\/aic\/index.php?rest_route=\/wp\/v2\/pages"}],"about":[{"href":"https:\/\/literaturacomparata.ro\/aic\/index.php?rest_route=\/wp\/v2\/types\/page"}],"author":[{"embeddable":true,"href":"https:\/\/literaturacomparata.ro\/aic\/index.php?rest_route=\/wp\/v2\/users\/1"}],"replies":[{"embeddable":true,"href":"https:\/\/literaturacomparata.ro\/aic\/index.php?rest_route=%2Fwp%2Fv2%2Fcomments&post=293"}],"version-history":[{"count":26,"href":"https:\/\/literaturacomparata.ro\/aic\/index.php?rest_route=\/wp\/v2\/pages\/293\/revisions"}],"predecessor-version":[{"id":2557,"href":"https:\/\/literaturacomparata.ro\/aic\/index.php?rest_route=\/wp\/v2\/pages\/293\/revisions\/2557"}],"up":[{"embeddable":true,"href":"https:\/\/literaturacomparata.ro\/aic\/index.php?rest_route=\/wp\/v2\/pages\/187"}],"wp:attachment":[{"href":"https:\/\/literaturacomparata.ro\/aic\/index.php?rest_route=%2Fwp%2Fv2%2Fmedia&parent=293"}],"curies":[{"name":"wp","href":"https:\/\/api.w.org\/{rel}","templated":true}]}}