{"id":281,"date":"2016-10-04T07:19:25","date_gmt":"2016-10-04T07:19:25","guid":{"rendered":"http:\/\/literaturacomparata.ro\/aic\/?page_id=281"},"modified":"2026-04-06T16:55:47","modified_gmt":"2026-04-06T13:55:47","slug":"transmiterea-materialelor","status":"publish","type":"page","link":"https:\/\/literaturacomparata.ro\/aic\/?page_id=281&lang=ro","title":{"rendered":"Transmiterea materialelor"},"content":{"rendered":"<div class=\"contentleft\">\n<h4><strong>Transmiterea materialelor<\/strong><\/h4>\n<p>Autorii sunt invita\u0163i s\u0103 expedieze textele propuse spre publicare <a href=\"mailto:actaiassyensia@gmail.com.\">prin intermediul po\u015ftei<\/a><a href=\"mailto:actaiassyensia@gmail.com.\"> electronice<\/a>, actaiassyensia@gmail.com .<\/p>\n<\/div>\n","protected":false},"excerpt":{"rendered":"<p>Transmiterea materialelor Autorii sunt invita\u0163i s\u0103 expedieze textele propuse spre publicare prin intermediul po\u015ftei electronice, actaiassyensia@gmail.com .<\/p>\n","protected":false},"author":1,"featured_media":0,"parent":264,"menu_order":2,"comment_status":"closed","ping_status":"closed","template":"","meta":[],"_links":{"self":[{"href":"https:\/\/literaturacomparata.ro\/aic\/index.php?rest_route=\/wp\/v2\/pages\/281"}],"collection":[{"href":"https:\/\/literaturacomparata.ro\/aic\/index.php?rest_route=\/wp\/v2\/pages"}],"about":[{"href":"https:\/\/literaturacomparata.ro\/aic\/index.php?rest_route=\/wp\/v2\/types\/page"}],"author":[{"embeddable":true,"href":"https:\/\/literaturacomparata.ro\/aic\/index.php?rest_route=\/wp\/v2\/users\/1"}],"replies":[{"embeddable":true,"href":"https:\/\/literaturacomparata.ro\/aic\/index.php?rest_route=%2Fwp%2Fv2%2Fcomments&post=281"}],"version-history":[{"count":3,"href":"https:\/\/literaturacomparata.ro\/aic\/index.php?rest_route=\/wp\/v2\/pages\/281\/revisions"}],"predecessor-version":[{"id":2669,"href":"https:\/\/literaturacomparata.ro\/aic\/index.php?rest_route=\/wp\/v2\/pages\/281\/revisions\/2669"}],"up":[{"embeddable":true,"href":"https:\/\/literaturacomparata.ro\/aic\/index.php?rest_route=\/wp\/v2\/pages\/264"}],"wp:attachment":[{"href":"https:\/\/literaturacomparata.ro\/aic\/index.php?rest_route=%2Fwp%2Fv2%2Fmedia&parent=281"}],"curies":[{"name":"wp","href":"https:\/\/api.w.org\/{rel}","templated":true}]}}