{"id":270,"date":"2016-10-04T07:00:56","date_gmt":"2016-10-04T07:00:56","guid":{"rendered":"http:\/\/literaturacomparata.ro\/aic\/?page_id=270"},"modified":"2024-08-07T16:40:44","modified_gmt":"2024-08-07T13:40:44","slug":"guidelines-for-authors","status":"publish","type":"page","link":"https:\/\/literaturacomparata.ro\/aic\/?page_id=270&lang=en","title":{"rendered":"Guidelines for Authors"},"content":{"rendered":"<h4><strong>Guidelines for Authors<\/strong><\/h4>\n<h5><strong>Articles<\/strong><\/h5>\n<p><em><strong>Main Text:<\/strong><\/em>\u00a0 Articles may be written in Romanian, English, French, German, Italian or Spanish, and the body of the text (the article without title, abstract, keywords and bibliography) should have <strong>between 4,000 and 6,000 words<\/strong>. Please <strong>do not<\/strong> use other formatting than Word default (as to page setup, paragraph indentation, line spacing, letter font and size, etc.).<\/p>\n<p><strong><em>Abstract and Keywords<\/em><\/strong>: Each article must be preceded by a 1<strong>50 to 200-word abstract<\/strong> and <strong>five to seven keywords<\/strong> in the language of the article. Abstract and keywords in English should be added in case the article is written in another language than English.<\/p>\n<p><strong><em>Title and Author<\/em><\/strong>: Manuscripts should include, besides the main text of the article, the following information: <strong>the article title<\/strong> (in both the language of the article and English), <strong>the author\u2019s name and surname<\/strong>, his\/her <strong>academic title and institutional affiliation<\/strong> (keeping the original name of the university), his\/her <strong>email address<\/strong>.<\/p>\n<p><strong><em>Citation style: <\/em><\/strong>The authors are invited to use the in-text citation style according to the following model:<\/p>\n<p><strong>Model 1:<\/strong> Text Text Text Text Text (Popescu, 1967: 2-5) \u2013 <strong>book\/article by one author <\/strong><br \/>\n<strong>Model 2: <\/strong>Text Text Text Text Text (Popescu; Ionescu, 1967: 13) \u2013\u00a0 <strong>book\/article by 2 authors<\/strong><br \/>\n<strong>Model 3:<\/strong> Text Text Text Text Text (Popescu; Ionescu et al., 1967: 234-235) \u2013 <strong>book\/article by multiple authors<\/strong><br \/>\n<strong>Model 4:<\/strong> Text Text Text Text Text (Popescu, s. p.) \u2013 <strong>if the page is not mentioned<\/strong><br \/>\n<strong>Model 5:<\/strong> Text Text Text Text Text (Popescu, s. a.) \u2013 <strong>if the year is not mentioned<\/strong><br \/>\n<strong>Model 6:<\/strong> Text Text Text Text Text (Popescu, 1856: 67; Ionescu, 2004: 67-68; Marinescu, 2010: 89) \u2013 when different authors and more works are cited.<\/p>\n<p><strong><em>Footnotes:<\/em><\/strong><br \/>\n1) Only explanatory footnotes are accepted.<br \/>\n2) No footnotes referring to the title and\/or abstract are allowed.<\/p>\n<p><strong><em>Bibliography: <\/em><\/strong>Authors are invited to use this (adaptation of the APA) style for the bibliography section:<\/p>\n<p><strong>Model 1: single author\/editor<\/strong><br \/>\nLAST NAME, First Name (Coord.\/Dir.\/Ed.) (Year). <em>Title of Book<\/em>. Place of publication: Publisher.<br \/>\nExample: DJEBAR, Assia (1995). <em>L\u2019Amour, la fantasia<\/em>. Collection Livre de poche, Volume 15127 (5\u00e8me \u00e9d.). Paris : Albin Michel.<br \/>\nExample: PARKER, Kenneth (Ed.) (1999). <em>Early Modern Tales of the Orient. A Critical Anthology<\/em>. London and New York: Routledge.<\/p>\n<p><strong>Model 2: two or more authors\/editors<\/strong><br \/>\nLAST NAME, First Name; LAST NAME, First Name (Coords.\/Dirs.\/Eds.) (Year). <em>Title of Book<\/em>. Place of publication: Publisher.<br \/>\nExample: CASSALIGI, Carmen; FERMANIS, Porsha (2016). <em>Romanticism. A Literary and Cultural History<\/em>. London and New York: Routledge.<br \/>\nExample: LANDE, Joel B.; FEENEY, Denis (Eds.) (2021). <em>How Literatures Begin: A Global History<\/em>. Princeton &amp; Oxford: Princeton University Press.<\/p>\n<p><strong>Model 3: more than two authors\/editors <\/strong><br \/>\nLAST NAME, First Name <em>et al<\/em>. (Coords.\/Dirs.\/Eds.) (Year). <em>Title of Book<\/em>. Place of publication: Publisher.<br \/>\nExample: DIMA, Eugenia <em>et al<\/em>. (2007). <em>Dic\u0163ionar explicativ ilustrat al limbii rom\u00e2ne (DEXI)<\/em>. Chi\u015fin\u0103u: Arc &amp; Gunivas.<br \/>\nExample: CORBIN, Alain <em>et al<\/em>. (Dirs.) (2016). <em>Histoire des \u00e9motions<\/em>. Tome 2 : CORBIN, Alain (Dir.), <em>Des Lumi\u00e8res \u00e0 la fin du XIXe si\u00e8cle<\/em>. Paris : Seuil.<\/p>\n<p><strong>Model 4: translated book<\/strong><br \/>\nLAST NAME, First Name (Coord.\/Dir.\/Ed.) (Year). <em>Title of Book<\/em>. Translated by First Name LAST NAME. Place of publication: Publisher.<br \/>\nExample: FERR\u00c9OL, Gilles; JUQUOIS, Guy (Eds.) (2005). <em>Dic\u0163ionarul alterit\u0103\u0163ii \u015fi rela\u0163iilor interculturale<\/em>. Traducere de Nadia FARCA\u015e. Ia\u015fi: Polirom.<\/p>\n<p><strong>Model 5: book chapter<\/strong><br \/>\nLAST NAME, First Name (Year). Title of Chapter. In First Name LAST NAME (Coord.\/Dir.\/Ed.), <em>Title of Book<\/em> (pp. x-y). Place of publication: Publisher.<br \/>\nExample: DEBRAY, R\u00e9gis (1992). Cinco maneras de abordar lo inabordable o algunas consideraciones a prop\u00f3sito de <em>El oto\u00f1o del patriarca<\/em>. In Juan Gustavo COBO BORDA (Coord.), <em>Gabriel Garc\u00eda M\u00e1rquez. Testimonios sobre su vida. Ensayos sobre su obra<\/em> (pp. 293-301). Bogot\u00e1: Siglo del Hombre Editores.<\/p>\n<p><strong>Model 6: article in periodicals\/ journals<\/strong><br \/>\nLAST NAME, First Name (Year). Title of Article. <em>Title of Periodical\/Journal<\/em>, Volume (Issue), page range.<br \/>\nExample: CASTELLANOS, Jorge; MART\u00cdNEZ, Miguel A. (1981). El dictador hispanoamericano como personaje literario. <em>Latin American Research Review<\/em>, 16(2), 79-105.<\/p>\n<p><strong>Model 7: web sources<\/strong><br \/>\nLAST NAME, First Name (Date of the article). Title of Article. <em>Title of Newspaper\/Journal\/ Website<\/em>. https:\/\/www.xxxxx [Date of Access].<br \/>\nExample: ALTER, Alexandra (May 26, 2023). How a Novel About Video Games Became a Surprise Best Seller. <em>The New York Times<\/em>. https:\/\/www.nytimes.com\/2023\/05\/26\/books\/gabrielle-zevin-tomorrow-and-tomorrow-and-tomorrow.html [January 16, 2024].<\/p>\n<p><strong>Model 8: digital sources with DOI<\/strong><br \/>\nIf a DOI (Digital Object Identifier) is available for the cited online source, use the following format: https:\/\/doi.org\/xxxxx [Date of Access].<br \/>\nExample: RH\u00c9THOR\u00c9, Florent (2023). Tristan d\u00e9membr\u00e9. L\u2019impossibilit\u00e9 de trancher. <em>Acta Iassyensia Comparationes<\/em>, 31(1), 1-12. https:\/\/doi.org\/10.47743\/aic-2023-1-0001 [le 20 mai 2024].<br \/>\n(The article above has the following DOI: 10.47743\/aic-2023-1-0001 .)<\/p>\n<p><strong>Model 9: audiovisual media<\/strong><br \/>\nLAST NAME, First Name [User name on YouTube]. (Date published or posted). <em>Title of Video<\/em> [Video File, running time]. YouTube. http:\/\/youtube.com\/xxxxx [Date of Access].<br \/>\nExample: Thepostarchive. (March 02, 2021). <em>V. S. Naipaul interview with Mel Gussow<\/em> [Video File, 1:32:54]. YouTube. https:\/\/www.youtube.com\/watch?v=OVpgFoy0sOQ [May 20, 2024].<\/p>\n<p><strong>Model 10: images<\/strong><br \/>\nIn the event images are used, the author of the article is invited to include below the image\/photo a caption with a reference to the source. If necessary, the user must obtain a reproduction permission from the copyright owner.<\/p>\n<h5><strong>Book Reviews<\/strong><\/h5>\n<p>The reviews should deal with recent (not more than two years since publication at the time of the submission) books on relevant topics in the field of the journal.<br \/>\nBook reviews should have between 1,000 and 1,500 words and should conform to the format recommended for articles (see <strong><em>Main Text<\/em><\/strong>, <em><strong>Citation Style<\/strong><\/em> and <em><strong>Bibliography<\/strong><\/em>). The manuscript should include the complete bibliographical data of the reviewed book. as well as information regarding the author of the review: name and surname, academic title and institutional affiliation, e-mail address. The review should be accompanied by a scanned cover of the book (JPG file).<\/p>\n<p>The Editorial Board reserves the right to reject the manuscripts that do not conform to the above guidelines.<\/p>\n<p><strong>The Editorial Board reserves the right to reject the manuscripts that do not conform to the above guidelines.<\/strong><\/p>\n","protected":false},"excerpt":{"rendered":"<p>Guidelines for Authors Articles Main Text:\u00a0 Articles may be written in Romanian, English, French, German, Italian or Spanish, and the body of the text (the article without title, abstract, keywords and bibliography) should have between 4,000 and 6,000 words. Please do not use other formatting than Word default (as to page setup, paragraph indentation, line &hellip; <a href=\"https:\/\/literaturacomparata.ro\/aic\/?page_id=270&#038;lang=en\" class=\"more-link\">Continue reading <span class=\"screen-reader-text\">Guidelines for Authors<\/span> <span class=\"meta-nav\">&rarr;<\/span><\/a><\/p>\n","protected":false},"author":1,"featured_media":0,"parent":261,"menu_order":1,"comment_status":"closed","ping_status":"closed","template":"","meta":[],"_links":{"self":[{"href":"https:\/\/literaturacomparata.ro\/aic\/index.php?rest_route=\/wp\/v2\/pages\/270"}],"collection":[{"href":"https:\/\/literaturacomparata.ro\/aic\/index.php?rest_route=\/wp\/v2\/pages"}],"about":[{"href":"https:\/\/literaturacomparata.ro\/aic\/index.php?rest_route=\/wp\/v2\/types\/page"}],"author":[{"embeddable":true,"href":"https:\/\/literaturacomparata.ro\/aic\/index.php?rest_route=\/wp\/v2\/users\/1"}],"replies":[{"embeddable":true,"href":"https:\/\/literaturacomparata.ro\/aic\/index.php?rest_route=%2Fwp%2Fv2%2Fcomments&post=270"}],"version-history":[{"count":13,"href":"https:\/\/literaturacomparata.ro\/aic\/index.php?rest_route=\/wp\/v2\/pages\/270\/revisions"}],"predecessor-version":[{"id":2134,"href":"https:\/\/literaturacomparata.ro\/aic\/index.php?rest_route=\/wp\/v2\/pages\/270\/revisions\/2134"}],"up":[{"embeddable":true,"href":"https:\/\/literaturacomparata.ro\/aic\/index.php?rest_route=\/wp\/v2\/pages\/261"}],"wp:attachment":[{"href":"https:\/\/literaturacomparata.ro\/aic\/index.php?rest_route=%2Fwp%2Fv2%2Fmedia&parent=270"}],"curies":[{"name":"wp","href":"https:\/\/api.w.org\/{rel}","templated":true}]}}