{"id":264,"date":"2016-10-04T06:55:21","date_gmt":"2016-10-04T06:55:21","guid":{"rendered":"http:\/\/literaturacomparata.ro\/aic\/?page_id=264"},"modified":"2026-04-01T17:02:18","modified_gmt":"2026-04-01T14:02:18","slug":"informatii-pentru-colaboratori","status":"publish","type":"page","link":"https:\/\/literaturacomparata.ro\/aic\/?page_id=264&lang=ro","title":{"rendered":"Informa\u021bii pentru colaboratori"},"content":{"rendered":"<div class=\"contentleft\">\n<h4><strong>Transmiterea materialelor<\/strong><\/h4>\n<p>Le solicit\u0103m respectuos colaboratorilor s\u0103 respecte termenele anun\u021bate, tema num\u0103rului \u0219i <a href=\"https:\/\/literaturacomparata.ro\/aic\/?page_id=272&amp;lang=ro\"><strong>Stilul de redactare<\/strong><\/a> agreat.<\/p>\n<p>Autorii sunt invita\u0163i s\u0103 expedieze textele propuse spre publicare <strong><a href=\"mailto:actaiassyensia@gmail.com\">prin intermediul po\u015ftei electronice<\/a><\/strong>,<br \/>\n<span style=\"color: #993300;\">actaiassyensia@gmail.com <\/span>.<\/p>\n<\/div>\n","protected":false},"excerpt":{"rendered":"<p>Transmiterea materialelor Le solicit\u0103m respectuos colaboratorilor s\u0103 respecte termenele anun\u021bate, tema num\u0103rului \u0219i Stilul de redactare agreat. Autorii sunt invita\u0163i s\u0103 expedieze textele propuse spre publicare prin intermediul po\u015ftei electronice, actaiassyensia@gmail.com .<\/p>\n","protected":false},"author":1,"featured_media":0,"parent":0,"menu_order":4,"comment_status":"closed","ping_status":"closed","template":"","meta":[],"_links":{"self":[{"href":"https:\/\/literaturacomparata.ro\/aic\/index.php?rest_route=\/wp\/v2\/pages\/264"}],"collection":[{"href":"https:\/\/literaturacomparata.ro\/aic\/index.php?rest_route=\/wp\/v2\/pages"}],"about":[{"href":"https:\/\/literaturacomparata.ro\/aic\/index.php?rest_route=\/wp\/v2\/types\/page"}],"author":[{"embeddable":true,"href":"https:\/\/literaturacomparata.ro\/aic\/index.php?rest_route=\/wp\/v2\/users\/1"}],"replies":[{"embeddable":true,"href":"https:\/\/literaturacomparata.ro\/aic\/index.php?rest_route=%2Fwp%2Fv2%2Fcomments&post=264"}],"version-history":[{"count":7,"href":"https:\/\/literaturacomparata.ro\/aic\/index.php?rest_route=\/wp\/v2\/pages\/264\/revisions"}],"predecessor-version":[{"id":2656,"href":"https:\/\/literaturacomparata.ro\/aic\/index.php?rest_route=\/wp\/v2\/pages\/264\/revisions\/2656"}],"wp:attachment":[{"href":"https:\/\/literaturacomparata.ro\/aic\/index.php?rest_route=%2Fwp%2Fv2%2Fmedia&parent=264"}],"curies":[{"name":"wp","href":"https:\/\/api.w.org\/{rel}","templated":true}]}}