{"id":235,"date":"2016-10-04T06:23:03","date_gmt":"2016-10-04T06:23:03","guid":{"rendered":"http:\/\/literaturacomparata.ro\/aic\/?page_id=235"},"modified":"2026-04-16T17:46:27","modified_gmt":"2026-04-16T14:46:27","slug":"colegiul-redactional-si-colegiul-onorific","status":"publish","type":"page","link":"https:\/\/literaturacomparata.ro\/aic\/?page_id=235&lang=ro","title":{"rendered":"Colegiul redac\u021bional \u0219i colegiul onorific"},"content":{"rendered":"<table border=\"0\" cellspacing=\"3\" cellpadding=\"0\" align=\"center\">\n<tbody>\n<tr>\n<td valign=\"top\" width=\"280\">\n<h3 style=\"text-align: left;\" align=\"center\"><strong>Colectivul Redac\u021bional<\/strong><\/h3>\n<\/td>\n<td valign=\"top\" width=\"330\">\n<h3 style=\"text-align: left;\" align=\"center\"><strong>\u00a0<\/strong><strong>Colegiul onorific<\/strong><\/h3>\n<\/td>\n<\/tr>\n<tr>\n<td valign=\"top\" width=\"280\">\n<p style=\"text-align: left;\"><span style=\"color: #993300;\"><strong>REDACTOR-\u0218EF:<br \/>\n<\/strong><\/span><strong>C\u0103t\u0103lin Constantinescu<\/strong><br \/>\nUniversitatea \u201eAlexandru Ioan Cuza\u201d din Ia\u015fi, Rom\u00e2nia<\/p>\n<hr \/>\n<p style=\"text-align: left;\"><span style=\"color: #993300;\"><strong>REDACTOR-\u015eEF ADJUNCT:<br \/>\n<\/strong><\/span><strong>Ana-Maria Constantinovici \u015etefan<\/strong><br \/>\nUniversitatea \u201eAlexandru Ioan Cuza\u201d, Ia\u015fi, Rom\u00e2nia<\/p>\n<hr \/>\n<p style=\"text-align: left;\"><span style=\"color: #993300;\"><strong>REDACTORI PRINCIPALI:<\/strong><\/span><\/p>\n<p style=\"text-align: left;\"><strong>Corina B\u0103deli\u0163\u0103<\/strong><br \/>\nUniversitatea \u201eAlexandru Ioan Cuza\u201d, Ia\u015fi, Rom\u00e2nia<\/p>\n<p><strong>Mihaela Cern\u0103u\u021bi-Gorode\u021bchi<\/strong><br \/>\nUniversitatea \u201eAlexandru Ioan Cuza\u201d din Ia\u015fi, Rom\u00e2nia<\/p>\n<p style=\"text-align: left;\"><strong>Alina \u0162i\u0163ei<\/strong><br \/>\nUniversitatea \u201eAlexandru Ioan Cuza\u201d, Ia\u015fi, Rom\u00e2nia<\/p>\n<hr \/>\n<p style=\"text-align: left;\"><span style=\"color: #993300;\"><strong>REDACTORI:<\/strong><\/span><\/p>\n<p style=\"text-align: left;\"><strong>Neil B. Bishop<\/strong><br \/>\nMemorial University of Newfoundland, St. John\u2019s, Canada<\/p>\n<p><strong>Drago\u015f Carasevici<\/strong><br \/>\nUniversitatea \u201eAlexandru Ioan Cuza\u201d din Ia\u015fi, Rom\u00e2nia<\/p>\n<p><strong>Nicoleta Cinpoe\u015f<\/strong><br \/>\nUniversity of Worcester, UK<\/p>\n<p><strong>Adrian Crupa<\/strong><br \/>\nUniversitatea \u201eAlexandru Ioan Cuza\u201d din Ia\u015fi, Rom\u00e2nia<\/p>\n<p><strong>Silvana N. Fern\u00e1ndez<\/strong><br \/>\nUniversidad Nacional de La Plata, Argentina<\/p>\n<p><strong>Martin A. Hainz<\/strong><br \/>\nUniversit\u00e4t Wien, \u00d6sterreich<\/p>\n<p><strong>Marius-Adrian Hazaparu<\/strong><br \/>\nUniversitatea \u201eAlexandru Ioan Cuza\u201d din Ia\u015fi, Rom\u00e2nia<\/p>\n<p><strong>Dieter Lohr<\/strong><br \/>\nUniversit\u00e4t Regensburg, Deutschland<\/p>\n<p><strong>Mihaela Lupu<\/strong><br \/>\nUniversitatea \u201eAlexandru Ioan Cuza\u201d din Ia\u015fi, Rom\u00e2nia<\/p>\n<p><strong>Iulia Andreea Milic\u0103<\/strong><br \/>\nUniversitatea \u201eAlexandru Ioan Cuza\u201d din Ia\u015fi, Rom\u00e2nia<\/p>\n<p><strong>Dana Nica<\/strong><br \/>\nUniversitatea \u201eAlexandru Ioan Cuza\u201d din Ia\u015fi, Rom\u00e2nia<\/p>\n<p><strong>Ioana Raluca Petrescu<\/strong><br \/>\nUniversit\u00e0 degli Studi di Bari, Italia<br \/>\nDipartimento di Ricerca e Innovazione Umanistica (DIRIUM)<\/p>\n<p><strong>Roberto Rodr\u00edguez Mil\u00e1n<\/strong><br \/>\nHellenic Open University, Greece<\/p>\n<p><strong>Andrei Stipiuc<\/strong><br \/>\nUniversitatea \u201eAlexandru Ioan Cuza\u201d din Ia\u015fi, Rom\u00e2nia<\/p>\n<p><strong>Francesca di Tonno<\/strong><br \/>\nUniversit\u00e0 di Bologna, Italia<\/p>\n<hr \/>\n<p><span style=\"color: #800000;\"><strong>ASISTEN\u021aI DE REDAC\u021aIE:<\/strong><\/span><\/p>\n<p><strong>M\u0103d\u0103lina Ceciuleac<\/strong><br \/>\nUniversitatea \u201eAlexandru Ioan Cuza\u201d din Ia\u015fi, Rom\u00e2nia<\/p>\n<p><strong>Andrei Victor Cojocaru<\/strong><br \/>\nUniversitatea \u201eAlexandru Ioan Cuza\u201d din Ia\u015fi, Rom\u00e2nia<\/p>\n<p><strong>Ioana Alexandra Pav\u0103l<\/strong><br \/>\nUniversitatea \u201eAlexandru Ioan Cuza\u201d din Ia\u015fi, Rom\u00e2nia<\/td>\n<td valign=\"top\" width=\"330\">\n<p style=\"text-align: left;\"><strong>\u015etefan Av\u0103danei<\/strong><br \/>\nUniversitatea \u201eAlexandru Ioan Cuza\u201d din Ia\u015fi, Rom\u00e2nia<\/p>\n<p><strong>Yves Chevrel<\/strong><br \/>\nProfesseur \u00e9m\u00e9rite, Universit\u00e9 de Paris IV-Sorbonne, France<\/p>\n<p><strong>Andrei Corbea-Hoi\u015fie<\/strong><br \/>\nUniversitatea \u201eAlexandru Ioan Cuza\u201d din Ia\u015fi, Rom\u00e2nia<\/p>\n<p><strong>Czeslaw Grzesiak<\/strong><br \/>\nUniwersytet \u201eMarii Curie-Sklodowskiej\u201d, Lublin, Polska<\/p>\n<p><strong>Henning Krau\u00df<\/strong><br \/>\nEmeritierter Professor, Universit\u00e4t Augsburg, Deutschland<\/p>\n<p><strong>Petru\u0163a Sp\u00e2nu<\/strong><br \/>\nUniversitatea \u201eAlexandru Ioan Cuza\u201d din Ia\u015fi, Rom\u00e2nia<\/p>\n<p><strong>Elena-Br\u00e2ndu\u015fa Steiciuc<\/strong><br \/>\nUniversitatea \u201e\u015etefan cel Mare\u201d, Suceava, Rom\u00e2nia<\/p>\n<p><strong>Mihai Zamfir<\/strong><br \/>\nUniversitatea Bucure\u015fti, Rom\u00e2nia<\/td>\n<\/tr>\n<\/tbody>\n<\/table>\n","protected":false},"excerpt":{"rendered":"<p>Colectivul Redac\u021bional \u00a0Colegiul onorific REDACTOR-\u0218EF: C\u0103t\u0103lin Constantinescu Universitatea \u201eAlexandru Ioan Cuza\u201d din Ia\u015fi, Rom\u00e2nia REDACTOR-\u015eEF ADJUNCT: Ana-Maria Constantinovici \u015etefan Universitatea \u201eAlexandru Ioan Cuza\u201d, Ia\u015fi, Rom\u00e2nia REDACTORI PRINCIPALI: Corina B\u0103deli\u0163\u0103 Universitatea \u201eAlexandru Ioan Cuza\u201d, Ia\u015fi, Rom\u00e2nia Mihaela Cern\u0103u\u021bi-Gorode\u021bchi Universitatea \u201eAlexandru Ioan Cuza\u201d din Ia\u015fi, Rom\u00e2nia Alina \u0162i\u0163ei Universitatea \u201eAlexandru Ioan Cuza\u201d, Ia\u015fi, Rom\u00e2nia REDACTORI: Neil B. &hellip; <a href=\"https:\/\/literaturacomparata.ro\/aic\/?page_id=235&#038;lang=ro\" class=\"more-link\">Continue reading <span class=\"screen-reader-text\">Colegiul redac\u021bional \u0219i colegiul onorific<\/span> <span class=\"meta-nav\">&rarr;<\/span><\/a><\/p>\n","protected":false},"author":1,"featured_media":0,"parent":224,"menu_order":1,"comment_status":"closed","ping_status":"closed","template":"","meta":[],"_links":{"self":[{"href":"https:\/\/literaturacomparata.ro\/aic\/index.php?rest_route=\/wp\/v2\/pages\/235"}],"collection":[{"href":"https:\/\/literaturacomparata.ro\/aic\/index.php?rest_route=\/wp\/v2\/pages"}],"about":[{"href":"https:\/\/literaturacomparata.ro\/aic\/index.php?rest_route=\/wp\/v2\/types\/page"}],"author":[{"embeddable":true,"href":"https:\/\/literaturacomparata.ro\/aic\/index.php?rest_route=\/wp\/v2\/users\/1"}],"replies":[{"embeddable":true,"href":"https:\/\/literaturacomparata.ro\/aic\/index.php?rest_route=%2Fwp%2Fv2%2Fcomments&post=235"}],"version-history":[{"count":49,"href":"https:\/\/literaturacomparata.ro\/aic\/index.php?rest_route=\/wp\/v2\/pages\/235\/revisions"}],"predecessor-version":[{"id":2700,"href":"https:\/\/literaturacomparata.ro\/aic\/index.php?rest_route=\/wp\/v2\/pages\/235\/revisions\/2700"}],"up":[{"embeddable":true,"href":"https:\/\/literaturacomparata.ro\/aic\/index.php?rest_route=\/wp\/v2\/pages\/224"}],"wp:attachment":[{"href":"https:\/\/literaturacomparata.ro\/aic\/index.php?rest_route=%2Fwp%2Fv2%2Fmedia&parent=235"}],"curies":[{"name":"wp","href":"https:\/\/api.w.org\/{rel}","templated":true}]}}