{"id":205,"date":"2016-10-04T05:53:26","date_gmt":"2016-10-04T05:53:26","guid":{"rendered":"http:\/\/literaturacomparata.ro\/aic\/?page_id=205"},"modified":"2024-08-12T17:15:24","modified_gmt":"2024-08-12T14:15:24","slug":"despre-noi","status":"publish","type":"page","link":"https:\/\/literaturacomparata.ro\/aic\/?page_id=205&lang=ro","title":{"rendered":"Despre noi"},"content":{"rendered":"<h4 style=\"text-align: center;\">ACTA IASSYENSIA COMPARATIONIS<\/h4>\n<p style=\"text-align: center;\"><strong>ISSN (online) 2285 \u2013 3871<\/strong><br \/>\n<strong>ISSN\u2013L 1584 \u2013 6628<\/strong><\/p>\n<p>Fondat\u0103 ca revist\u0103 de literatur\u0103 universal\u0103 \u015fi comparat\u0103 \u00een anul 2003 de c\u0103tre profesorul IOAN CONSTANTINESCU, <span style=\"color: #993300;\"><strong>AIC<\/strong><\/span> a dob\u00e2ndit \u00een timp o mai mare amploare \u015fi relevan\u0163\u0103, p\u0103str\u00e2ndu-\u015fi \u00eens\u0103 profilul tematic. <span style=\"color: #993300;\"><strong>AIC<\/strong><\/span> public\u0103 materiale care reprezint\u0103 puncte de vedere teoretice \u0219i abord\u0103ri metodologice variate ale literaturii universale, cu un interes aparte rezervat perspectivei comparatiste. Printre colaboratori se num\u0103r\u0103 at\u00e2t speciali\u015fti consacra\u0163i, c\u00e2t \u015fi tineri cercet\u0103tori din EUROPA, AFRICA, cele dou\u0103 AMERICI \u015fi ASIA. \u00cencep\u00e2nd cu anul 2013, <strong><span style=\"color: #993300;\">AIC<\/span><\/strong> este publicat\u0103 exclusiv <strong>on-line<\/strong> \u015fi are o apari\u0163ie <strong>bianual\u0103<\/strong>.<\/p>\n<p>Revista cuprinde:<\/p>\n<ul>\n<li><strong>articole \u015ftiin\u0163ifice<\/strong> \u00een una dintre urm\u0103toarele limbi: rom\u00e2n\u0103, englez\u0103, francez\u0103, german\u0103, spaniol\u0103 \u015fi italian\u0103;<\/li>\n<li><strong>recenzii\/prezent\u0103ri de carte<\/strong> (\u00een una dintre limbile men\u0163ionate mai sus).<\/li>\n<\/ul>\n<p>\u00cenaintarea materialelor c\u0103tre Redac\u0163ie, publicarea acestora \u00een <span style=\"color: #993300;\"><strong>AIC<\/strong><\/span>, precum \u015fi accesarea revistei on-line <strong>sunt gratuite<\/strong>.<\/p>\n<hr \/>\n<p style=\"text-align: right;\"><strong><em>Adres\u0103<\/em><\/strong>: Universitatea \u201cAlexandru Ioan Cuza\u201d din Ia\u0219i (Facultate de Litere \u2013 <em>Acta Iassyensia Comparationis<\/em>), Bulevardul Carol I, Nr.11, 700506, Ia\u015fi, Rom\u00e2nia<br \/>\n<em><strong>Contact<\/strong><\/em>: anamaria.stefan@uaic.ro<\/p>\n","protected":false},"excerpt":{"rendered":"<p>ACTA IASSYENSIA COMPARATIONIS ISSN (online) 2285 \u2013 3871 ISSN\u2013L 1584 \u2013 6628 Fondat\u0103 ca revist\u0103 de literatur\u0103 universal\u0103 \u015fi comparat\u0103 \u00een anul 2003 de c\u0103tre profesorul IOAN CONSTANTINESCU, AIC a dob\u00e2ndit \u00een timp o mai mare amploare \u015fi relevan\u0163\u0103, p\u0103str\u00e2ndu-\u015fi \u00eens\u0103 profilul tematic. AIC public\u0103 materiale care reprezint\u0103 puncte de vedere teoretice \u0219i abord\u0103ri metodologice &hellip; <a href=\"https:\/\/literaturacomparata.ro\/aic\/?page_id=205&#038;lang=ro\" class=\"more-link\">Continue reading <span class=\"screen-reader-text\">Despre noi<\/span> <span class=\"meta-nav\">&rarr;<\/span><\/a><\/p>\n","protected":false},"author":1,"featured_media":0,"parent":0,"menu_order":2,"comment_status":"closed","ping_status":"closed","template":"","meta":[],"_links":{"self":[{"href":"https:\/\/literaturacomparata.ro\/aic\/index.php?rest_route=\/wp\/v2\/pages\/205"}],"collection":[{"href":"https:\/\/literaturacomparata.ro\/aic\/index.php?rest_route=\/wp\/v2\/pages"}],"about":[{"href":"https:\/\/literaturacomparata.ro\/aic\/index.php?rest_route=\/wp\/v2\/types\/page"}],"author":[{"embeddable":true,"href":"https:\/\/literaturacomparata.ro\/aic\/index.php?rest_route=\/wp\/v2\/users\/1"}],"replies":[{"embeddable":true,"href":"https:\/\/literaturacomparata.ro\/aic\/index.php?rest_route=%2Fwp%2Fv2%2Fcomments&post=205"}],"version-history":[{"count":6,"href":"https:\/\/literaturacomparata.ro\/aic\/index.php?rest_route=\/wp\/v2\/pages\/205\/revisions"}],"predecessor-version":[{"id":2181,"href":"https:\/\/literaturacomparata.ro\/aic\/index.php?rest_route=\/wp\/v2\/pages\/205\/revisions\/2181"}],"wp:attachment":[{"href":"https:\/\/literaturacomparata.ro\/aic\/index.php?rest_route=%2Fwp%2Fv2%2Fmedia&parent=205"}],"curies":[{"name":"wp","href":"https:\/\/api.w.org\/{rel}","templated":true}]}}