{"id":2037,"date":"2024-07-19T14:44:54","date_gmt":"2024-07-19T11:44:54","guid":{"rendered":"https:\/\/literaturacomparata.ro\/aic\/?page_id=2037"},"modified":"2025-02-22T14:25:13","modified_gmt":"2025-02-22T11:25:13","slug":"32-2-2023-literatura-si-film","status":"publish","type":"page","link":"https:\/\/literaturacomparata.ro\/aic\/?page_id=2037&lang=ro","title":{"rendered":"32 (2\/2023) LITERATUR\u0102 \u0218I FILM"},"content":{"rendered":"<h3 style=\"text-align: left;\" align=\"center\"><strong><span style=\"color: #993300;\">ACTA IASSYENSIA COMPARATIONIS 32, (2\/2023)<\/span><br \/>\nLITERATURE AND FILM \/ LITT\u00c9RATURE ET FILM \/ LITERATUR\u0102 \u0218I FILM<br \/>\n<\/strong><\/h3>\n<hr \/>\n<h4 style=\"text-align: left;\" align=\"center\"><strong><a href=\"http:\/\/www.literaturacomparata.ro\/Site_Acta\/issues\/aic-32\/AIC_32_FULL.pdf\"><img decoding=\"async\" loading=\"lazy\" class=\"alignleft wp-image-1950 size-full\" src=\"http:\/\/literaturacomparata.ro\/aic\/wp-content\/uploads\/2024\/03\/00_Coperta1_32_Layout-small.png\" alt=\"\" width=\"212\" height=\"300\" \/><\/a>Contents<\/strong><\/h4>\n<p>Federico SIRAGUSA<br \/>\n<a href=\"http:\/\/www.literaturacomparata.ro\/Site_Acta\/issues\/aic-32\/01%20Siragusa_Layout%201.pdf\">Miguel, le nouveau Dante : voyage entre le film d\u2019animation <em>Coco<\/em> et le po\u00e8me dantesque<\/a><\/p>\n<p>Dora LEONTARIDOU<br \/>\n<a href=\"http:\/\/www.literaturacomparata.ro\/Site_Acta\/issues\/aic-32\/02%20Leontaridou_Layout%201.pdf\">L\u2019esth\u00e9tique de la synesth\u00e9sie dans <em>Tous les matins du monde<\/em> de Pascal Quignard, roman et film<\/a><\/p>\n<p>Andrei STIPIUC<br \/>\n<a href=\"http:\/\/www.literaturacomparata.ro\/Site_Acta\/issues\/aic-32\/03%20Stipiuc_Layout%201.pdf\">Hospice Words. Text Mining and Visualizations in Ken Kesey\u2019s Cuckoo\u2019s Nest and Hauben &amp; Goldman\u2019s Movie Script<\/a><\/p>\n<p>Andrea GRASSI<br \/>\n<a href=\"http:\/\/www.literaturacomparata.ro\/Site_Acta\/issues\/aic-32\/04%20Grassi_Layout%201.pdf\">Dal teatro al cinema: la rappresentazione del Lager nazista nel passaggio dal testo teatrale <em>Il vicario<\/em> (1963) di Rolf Hochhuth al suo adattamento cinematografico<em> Amen.<\/em> (2002) di Costa-Gavras<\/a><\/p>\n<p>C\u0103t\u0103lina-Diana TELIBAN<br \/>\n<a href=\"http:\/\/www.literaturacomparata.ro\/Site_Acta\/issues\/aic-32\/05%20Teliban_Layout%201.pdf\">Negotiating an Approach to Trauma: where Visual Media and Literature Diverge<\/a><\/p>\n<p>Ammar KANDEEL<br \/>\n<a href=\"http:\/\/www.literaturacomparata.ro\/Site_Acta\/issues\/aic-32\/06%20Kandeel_Layout%201.pdf\">Writing the History of the Palestinian <em>Nakba<\/em> in <em>Return to Haifa<\/em> from Novella to Militant Film<\/a><\/p>\n<p>Nassima TERKI<br \/>\n<a href=\"http:\/\/www.literaturacomparata.ro\/Site_Acta\/issues\/aic-32\/07%20Terki_Layout%201.pdf\">When Literature Turns into History: <em>Heart of Darkness<\/em> (1902) by Joseph Conrad and <em>Avatar<\/em> (2009) by James Cameron<\/a><\/p>\n<p>Fathi ADIL<br \/>\n<a href=\"http:\/\/www.literaturacomparata.ro\/Site_Acta\/issues\/aic-32\/08%20Adil_Layout%201.pdf\">Du papier \u00e0 l\u2019\u00e9cran, La ville de Paris dans <em>Le journal d\u2019une femme de chambre<\/em><\/a><\/p>\n<p>Laurent BALAGU\u00c9<br \/>\n<a href=\"http:\/\/www.literaturacomparata.ro\/Site_Acta\/issues\/aic-32\/09%20Balague_Layout%201.pdf\">Trop tard : litt\u00e9rature et cin\u00e9ma au travers de Lampedusa, Visconti, Deleuze, Nietzsche et quelques autres<\/a><\/p>\n<p>Marie-Reine MOUTON<br \/>\n<a href=\"http:\/\/www.literaturacomparata.ro\/Site_Acta\/issues\/aic-32\/10%20Mouton_Layout%201.pdf\">De la pellicule \u00e0 la page. Werner Herzog, \u00e9crivain du cin\u00e9ma<\/a><\/p>\n<p>Maritza Beatriz GARC\u00cdA RODR\u00cdGUEZ<br \/>\n<a href=\"http:\/\/www.literaturacomparata.ro\/Site_Acta\/issues\/aic-32\/11%20Garcia_Layout%201.pdf\">\u00c9crire le r\u00e9el par le d\u00e9tail : La question de la <em>figure<\/em> chez Nathalie Sarraute et Robert Bresson<\/a><\/p>\n<p>Vida Gertrude VOIGT-HOGG<br \/>\n<a href=\"http:\/\/www.literaturacomparata.ro\/Site_Acta\/issues\/aic-32\/12%20Voigt_Layout%201.pdf\">Simone Weil\u2019s Practice of Attention as a Ritual of Prayer: Robert Bresson and Georges Bernanos<\/a><\/p>\n<p>Cristina STANCU<br \/>\n<a href=\"http:\/\/www.literaturacomparata.ro\/Site_Acta\/issues\/aic-32\/13%20Stancu_Layout%201.pdf\"><em>Macbeth<\/em>: Distil\u0103ri cinematografice<\/a><\/p>\n<p>Dolores AICEGA<br \/>\nMercedes VERNET<br \/>\n<a href=\"http:\/\/www.literaturacomparata.ro\/Site_Acta\/issues\/aic-32\/14%20Aicega_Vernet_Layout%201.pdf\">Where does Pip migrate to? Unexpected parallels in Lloyd Jones\u2019s <em>Mister Pip<\/em> and Abramson\u2019s <em>Mr. Pip<\/em><\/a><\/p>\n<p>Ewa A. \u0141UKASZYK<br \/>\n<a href=\"http:\/\/www.literaturacomparata.ro\/Site_Acta\/issues\/aic-32\/15%20Lukaszyk_Layout%201.pdf\">Life Wins in the West. Agnieszka Holland\u2019s East-European Interpretation of <em>The Secret Garden<\/em><\/a><\/p>\n<p>Laura-Victoria STOICA<br \/>\n<a href=\"http:\/\/www.literaturacomparata.ro\/Site_Acta\/issues\/aic-32\/16%20Stoica_Layout%201.pdf\"><em>Sullivan\u2019s Travels<\/em> (1941): The American <em>Gulliver<\/em> and the Depression-Era Deconstruction of the American Dream<\/a><\/p>\n<p>Silvio Tamaso D\u2019ONOFRIO<br \/>\nAndr\u00e9 Luiz SILVA DE SOUZA<br \/>\n<a href=\"http:\/\/www.literaturacomparata.ro\/Site_Acta\/issues\/aic-32\/17%20dOnofrio_deSouza_Layout%201.pdf\"><em>Ghost in the Shell<\/em> as a Cyberpunk Rhapsody<\/a><\/p>\n<p>\u015etefana IOSIF<br \/>\n<a href=\"http:\/\/www.literaturacomparata.ro\/Site_Acta\/issues\/aic-32\/18%20Iosif_Layout%201.pdf\">Identity: The New Final Frontier. Singularity and Multitudes in <em>The Very Pulse of the Machin<\/em>e<\/a><\/p>\n<p>Stefana SQUATRITO<br \/>\n<a href=\"http:\/\/www.literaturacomparata.ro\/Site_Acta\/issues\/aic-32\/19%20Squatrito_Layout%201.pdf\">Litt\u00e9rature et film en classe de FLE. Ce que la trans\u00e9criture cin\u00e9matographique pourrait apporter au texte litt\u00e9raire. Quelques r\u00e9flexions<\/a><\/p>\n<p>&#8212;<br \/>\n<a href=\"http:\/\/www.literaturacomparata.ro\/Site_Acta\/issues\/aic-32\/AIC_32_FULL.pdf\">Issue 32 (PDF)<\/a>.<\/p>\n","protected":false},"excerpt":{"rendered":"<p>ACTA IASSYENSIA COMPARATIONIS 32, (2\/2023) LITERATURE AND FILM \/ LITT\u00c9RATURE ET FILM \/ LITERATUR\u0102 \u0218I FILM Contents Federico SIRAGUSA Miguel, le nouveau Dante : voyage entre le film d\u2019animation Coco et le po\u00e8me dantesque Dora LEONTARIDOU L\u2019esth\u00e9tique de la synesth\u00e9sie dans Tous les matins du monde de Pascal Quignard, roman et film Andrei STIPIUC Hospice &hellip; <a href=\"https:\/\/literaturacomparata.ro\/aic\/?page_id=2037&#038;lang=ro\" class=\"more-link\">Continue reading <span class=\"screen-reader-text\">32 (2\/2023) LITERATUR\u0102 \u0218I FILM<\/span> <span class=\"meta-nav\">&rarr;<\/span><\/a><\/p>\n","protected":false},"author":1,"featured_media":0,"parent":293,"menu_order":86,"comment_status":"closed","ping_status":"closed","template":"","meta":[],"_links":{"self":[{"href":"https:\/\/literaturacomparata.ro\/aic\/index.php?rest_route=\/wp\/v2\/pages\/2037"}],"collection":[{"href":"https:\/\/literaturacomparata.ro\/aic\/index.php?rest_route=\/wp\/v2\/pages"}],"about":[{"href":"https:\/\/literaturacomparata.ro\/aic\/index.php?rest_route=\/wp\/v2\/types\/page"}],"author":[{"embeddable":true,"href":"https:\/\/literaturacomparata.ro\/aic\/index.php?rest_route=\/wp\/v2\/users\/1"}],"replies":[{"embeddable":true,"href":"https:\/\/literaturacomparata.ro\/aic\/index.php?rest_route=%2Fwp%2Fv2%2Fcomments&post=2037"}],"version-history":[{"count":2,"href":"https:\/\/literaturacomparata.ro\/aic\/index.php?rest_route=\/wp\/v2\/pages\/2037\/revisions"}],"predecessor-version":[{"id":2208,"href":"https:\/\/literaturacomparata.ro\/aic\/index.php?rest_route=\/wp\/v2\/pages\/2037\/revisions\/2208"}],"up":[{"embeddable":true,"href":"https:\/\/literaturacomparata.ro\/aic\/index.php?rest_route=\/wp\/v2\/pages\/293"}],"wp:attachment":[{"href":"https:\/\/literaturacomparata.ro\/aic\/index.php?rest_route=%2Fwp%2Fv2%2Fmedia&parent=2037"}],"curies":[{"name":"wp","href":"https:\/\/api.w.org\/{rel}","templated":true}]}}