{"id":1868,"date":"2023-09-19T13:01:06","date_gmt":"2023-09-19T10:01:06","guid":{"rendered":"http:\/\/literaturacomparata.ro\/aic\/?page_id=1868"},"modified":"2023-09-19T13:01:06","modified_gmt":"2023-09-19T10:01:06","slug":"30-2-2022-livres-et-lecriture-des-livres-dans-la-litterature","status":"publish","type":"page","link":"https:\/\/literaturacomparata.ro\/aic\/?page_id=1868&lang=fr","title":{"rendered":"30 (2\/2022) LIVRES ET L\u2019\u00c9CRITURE DES LIVRES DANS LA LITT\u00c9RATURE"},"content":{"rendered":"<h3 style=\"text-align: left;\" align=\"center\"><strong>ACTA IASSYENSIA COMPARATIONIS 30, (2\/2022)<br \/>\nBOOKS AND BOOK WRITING IN LITERATURE \/ LIVRES ET L\u2019\u00c9CRITURE DES LIVRES DANS LA LITT\u00c9RATURE \/ C\u0102R\u0162ILE \u015eI SCRISUL C\u0102R\u0162ILOR \u00ceN LITERATUR\u0102<\/strong><\/h3>\n<hr \/>\n<h4 align=\"center\"><strong><a href=\"http:\/\/www.literaturacomparata.ro\/Site_Acta\/issues\/aic-30\/AIC%2030%20FULL.pdf\"><img decoding=\"async\" loading=\"lazy\" class=\"alignleft wp-image-1721 size-full\" src=\"http:\/\/literaturacomparata.ro\/aic\/wp-content\/uploads\/2023\/01\/Coperta30-2.jpg\" alt=\"\" width=\"212\" height=\"300\" \/><\/a>Contenu<\/strong><\/h4>\n<p>Marius-Adrian HAZAPARU<br \/>\n<a href=\"http:\/\/www.literaturacomparata.ro\/Site_Acta\/issues\/aic-30\/01%20Hazaparu_Layout%201.pdf\">Jurnalism despre jurnalism: func\u0163ii ale metadiscursului \u00een reportajul literar. Ryszard Kapu\u015bci\u0144ski \u015fi <em>\u00cemp\u0103ratul<\/em> (1978)<\/a><\/p>\n<p>Ewa A. \u0141UKASZYK<br \/>\n<a href=\"http:\/\/www.literaturacomparata.ro\/Site_Acta\/issues\/aic-30\/02%20Lukaszyk_Layout%201.pdf\">Books of the Beginnings. The Emergence of the Idea of Literature in V. S. Naipaul\u2019s <em>A Writer\u2019s People<\/em><\/a><\/p>\n<p>Mihaela MUDURE<br \/>\n<a href=\"http:\/\/www.literaturacomparata.ro\/Site_Acta\/issues\/aic-30\/03%20Mudure_Layout%201.pdf\">Condeiul feminin \u015fi romanul istoric<\/a><\/p>\n<p>Ana-Maria PLUMB<br \/>\n<a href=\"http:\/\/www.literaturacomparata.ro\/Site_Acta\/issues\/aic-30\/04%20Plumb_Layout%201.pdf\">C\u0103r\u0163ile ca instrument de \u00eendoctrinare \u00een regimul comunist din Rom\u00e2nia (1947-1965)<\/a><\/p>\n<p>Laurent BALAGU\u00c9<br \/>\n<a href=\"http:\/\/www.literaturacomparata.ro\/Site_Acta\/issues\/aic-30\/05%20Balague_Layout%201.pdf\">Borges: le livre et son \u00e9criture comme un jeu<\/a><\/p>\n<p>Ana Mar\u00eda ALONSO FERN\u00c1NDEZ<br \/>\n<a href=\"http:\/\/www.literaturacomparata.ro\/Site_Acta\/issues\/aic-30\/06%20Fernandez_Layout%201.pdf\">La palabra po\u00e9tica ante el espejo: <em>Habitaciones separadas<\/em> de Luis Garc\u00eda Montero<\/a><\/p>\n<p>Loudiyi MOURAD<br \/>\n<a href=\"http:\/\/www.literaturacomparata.ro\/Site_Acta\/issues\/aic-30\/07%20Mourad_Layout%201.pdf\">Borges et\/est le Livre : fiction, fictionnalisation et fictivit\u00e9<\/a><\/p>\n<p>Mihai BALTAG<br \/>\n<a href=\"http:\/\/www.literaturacomparata.ro\/Site_Acta\/issues\/aic-30\/08%20Baltag_Layout%201.pdf\">Pruden\u0163iu \u2013 (re)scriitor al canonului clasico<\/a><\/p>\n<p>Iulia-Alexandra CIOGESCU<br \/>\n<a href=\"http:\/\/www.literaturacomparata.ro\/Site_Acta\/issues\/aic-30\/09%20Ciogescu.pdf\">Veronica Manole &amp; Sanda-Valeria Moraru (Eds.) (2021). Studia Universitatis Babe\u015f-Bolyai Philologia, Vol. 66 (LXVI), No. 4. <em>(Dis)Continuidades en los espacios hisp\u00e1nico y lus\u00f3fono<\/em>. Cluj-Napoca, 404 p\u00e1gs.<\/a><\/p>\n<hr \/>\n<p><a href=\"http:\/\/www.literaturacomparata.ro\/Site_Acta\/issues\/aic-30\/AIC%2030%20FULL.pdf\"><strong>Issue 30 (PDF)<\/strong><\/a>.<\/p>\n","protected":false},"excerpt":{"rendered":"<p>ACTA IASSYENSIA COMPARATIONIS 30, (2\/2022) BOOKS AND BOOK WRITING IN LITERATURE \/ LIVRES ET L\u2019\u00c9CRITURE DES LIVRES DANS LA LITT\u00c9RATURE \/ C\u0102R\u0162ILE \u015eI SCRISUL C\u0102R\u0162ILOR \u00ceN LITERATUR\u0102 Contenu Marius-Adrian HAZAPARU Jurnalism despre jurnalism: func\u0163ii ale metadiscursului \u00een reportajul literar. Ryszard Kapu\u015bci\u0144ski \u015fi \u00cemp\u0103ratul (1978) Ewa A. \u0141UKASZYK Books of the Beginnings. The Emergence of the &hellip; <a href=\"https:\/\/literaturacomparata.ro\/aic\/?page_id=1868&#038;lang=fr\" class=\"more-link\">Continue reading <span class=\"screen-reader-text\">30 (2\/2022) LIVRES ET L\u2019\u00c9CRITURE DES LIVRES DANS LA LITT\u00c9RATURE<\/span> <span class=\"meta-nav\">&rarr;<\/span><\/a><\/p>\n","protected":false},"author":1,"featured_media":0,"parent":296,"menu_order":88,"comment_status":"closed","ping_status":"closed","template":"","meta":[],"_links":{"self":[{"href":"https:\/\/literaturacomparata.ro\/aic\/index.php?rest_route=\/wp\/v2\/pages\/1868"}],"collection":[{"href":"https:\/\/literaturacomparata.ro\/aic\/index.php?rest_route=\/wp\/v2\/pages"}],"about":[{"href":"https:\/\/literaturacomparata.ro\/aic\/index.php?rest_route=\/wp\/v2\/types\/page"}],"author":[{"embeddable":true,"href":"https:\/\/literaturacomparata.ro\/aic\/index.php?rest_route=\/wp\/v2\/users\/1"}],"replies":[{"embeddable":true,"href":"https:\/\/literaturacomparata.ro\/aic\/index.php?rest_route=%2Fwp%2Fv2%2Fcomments&post=1868"}],"version-history":[{"count":1,"href":"https:\/\/literaturacomparata.ro\/aic\/index.php?rest_route=\/wp\/v2\/pages\/1868\/revisions"}],"predecessor-version":[{"id":1869,"href":"https:\/\/literaturacomparata.ro\/aic\/index.php?rest_route=\/wp\/v2\/pages\/1868\/revisions\/1869"}],"up":[{"embeddable":true,"href":"https:\/\/literaturacomparata.ro\/aic\/index.php?rest_route=\/wp\/v2\/pages\/296"}],"wp:attachment":[{"href":"https:\/\/literaturacomparata.ro\/aic\/index.php?rest_route=%2Fwp%2Fv2%2Fmedia&parent=1868"}],"curies":[{"name":"wp","href":"https:\/\/api.w.org\/{rel}","templated":true}]}}