{"id":1713,"date":"2023-01-22T13:16:26","date_gmt":"2023-01-22T10:16:26","guid":{"rendered":"http:\/\/literaturacomparata.ro\/aic\/?page_id=1713"},"modified":"2023-01-22T13:16:26","modified_gmt":"2023-01-22T10:16:26","slug":"29-1-2022-les-monstres-dans-la-litterature","status":"publish","type":"page","link":"https:\/\/literaturacomparata.ro\/aic\/?page_id=1713&lang=fr","title":{"rendered":"29 (1\/2022) LES MONSTRES DANS LA LITT\u00c9RATURE"},"content":{"rendered":"<h3 style=\"text-align: left;\" align=\"center\"><strong>ACTA IASSYENSIA COMPARATIONIS 29, (1\/2022)<br \/>\nMONSTERS IN LITERATURE \/ LES MONSTRES DANS LA LITT\u00c9RATURE \/ MON\u015eTRII \u00ceN LITERATUR\u0102<br \/>\n<\/strong><\/h3>\n<hr \/>\n<h4 style=\"text-align: left;\" align=\"center\"><strong><img decoding=\"async\" loading=\"lazy\" class=\"alignleft wp-image-1664 size-full\" src=\"http:\/\/literaturacomparata.ro\/aic\/wp-content\/uploads\/2022\/06\/00_Coperta1_29-small-2.jpg\" alt=\"\" width=\"212\" height=\"300\" \/>Contenu<\/strong><\/h4>\n<p>Nicolae BOBARU<br \/>\n<a href=\"http:\/\/literaturacomparata.ro\/Site_Acta\/issues\/aic-29\/01%20Bobaru_Layout%201.pdf\">Sea Monsters. Theoretical Perspectives<\/a><\/p>\n<p>Sophie Emilia SEIDLER<br \/>\n<a href=\"http:\/\/literaturacomparata.ro\/Site_Acta\/issues\/aic-29\/02%20Seidler_Layout%201.pdf\">Bitches and Witches: Grotesque Sexuality in Ovid\u2019s Scylla (<em>Metamorphoses<\/em> 13.730-14.74)<\/a><\/p>\n<p>Andrei Victor COJOCARU<br \/>\n<a href=\"http:\/\/literaturacomparata.ro\/Site_Acta\/issues\/aic-29\/03%20Cojocaru_Layout%201.pdf\">Egoul ca monstru l\u0103untric \u00een poemele lui Jal\u0101l ad-D\u012bn Muhammad R\u016bm\u012b \u015fi Mahm\u016bd Shabestar\u012b<\/a><\/p>\n<p>M\u0103d\u0103lina Elena MANDICI<br \/>\n<a href=\"http:\/\/literaturacomparata.ro\/Site_Acta\/issues\/aic-29\/04%20Mandici_Layout%201.pdf\">The Two-Headed Monster in <em>Jane Eyre<\/em>: Anomalous Female Readership and Uncanny Intertextuality<\/a><\/p>\n<p>Ana Mar\u00eda ALONSO FERN\u00c1NDEZ<br \/>\n<a href=\"http:\/\/literaturacomparata.ro\/Site_Acta\/issues\/aic-29\/05%20Fernandez_Layout%201.pdf\">Lo monstruoso en cuatro novelas del siglo XIX<\/a><\/p>\n<p>Mercedes VERNET<br \/>\n<a href=\"http:\/\/literaturacomparata.ro\/Site_Acta\/issues\/aic-29\/06%20Vernet_Layout%201.pdf\">The Distribution of the Sensible in Stevenson\u2019s <em>The Strange Case of Dr Jekyll and Mr Hyde<\/em><\/a><\/p>\n<p>M\u0103d\u0103lina Elena MANDICI<br \/>\n<a href=\"http:\/\/literaturacomparata.ro\/Site_Acta\/issues\/aic-29\/07%20Mandici_Layout%201.pdf\">Lectura na\u015fte mon\u015ftri \u2013 creaturile livre\u015fti ale Angliei victoriene<\/a><\/p>\n<p>Florina N\u0102STASE<br \/>\n<a href=\"http:\/\/literaturacomparata.ro\/Site_Acta\/issues\/aic-29\/08%20Nastase_Layout%201.pdf\">The Vampiric Mother in Arthur Conan Doyle\u2019s <em>The Adventure of the Sussex Vampire<\/em><\/a><\/p>\n<p>Elyssa REBAI<br \/>\n<a href=\"http:\/\/literaturacomparata.ro\/Site_Acta\/issues\/aic-29\/09%20Rebai_Layout%201.pdf\">Le monstre dans <em>Th\u00e9r\u00e8se Raquin<\/em> d\u2019Emile Zola : Repr\u00e9sentations et esth\u00e9tique<\/a><\/p>\n<p>Giuseppe CRIVELLA<br \/>\n<a href=\"http:\/\/literaturacomparata.ro\/Site_Acta\/issues\/aic-29\/10%20Crivella_Layout%201.pdf\"><em>Itinerarium mentis in Monstrum<\/em>. Saggio su Juan Rodolfo Wilcock<\/a><\/p>\n<p>Daniela DOBO\u015e<br \/>\n<a href=\"http:\/\/literaturacomparata.ro\/Site_Acta\/issues\/aic-29\/11%20Dobos_Layout%201.pdf\">Newspeak, the Linguistic Monster in George Orwell\u2019s <em>Nineteen Eighty-Four<\/em><\/a><\/p>\n<p>Lavinia SIMILARU<br \/>\n<a href=\"http:\/\/literaturacomparata.ro\/Site_Acta\/issues\/aic-29\/12%20Similaru_Layout%201.pdf\">Dos peque\u00f1os \u201cmonstruos\u201d en las novelas contempor\u00e1neas de Benito P\u00e9rez Gald\u00f3s<\/a><\/p>\n<p>Elena CIOBANU<br \/>\n<a href=\"http:\/\/literaturacomparata.ro\/Site_Acta\/issues\/aic-29\/13%20Ciobanu_Layout%201.pdf\">Caliban as a Postmodern Puzzle<\/a><\/p>\n<p>Johanna BIEHLER<br \/>\n<a href=\"http:\/\/literaturacomparata.ro\/Site_Acta\/issues\/aic-29\/14%20Biehler_Layout%201.pdf\">Le d\u00e9sir monstrueux dans l\u2019oeuvre dramatique de Marie NDyaie<\/a><\/p>\n<p>Laura-Victoria STOICA<br \/>\n<a href=\"http:\/\/literaturacomparata.ro\/Site_Acta\/issues\/aic-29\/15%20Stoica_Layout%201.pdf\">Hunger, Monstrosity, and Race in Helen Oyeyemi\u2019s <em>White Is for Witching<\/em><\/a><\/p>\n<p>Bianca CRI\u015eAN<br \/>\n<a href=\"http:\/\/literaturacomparata.ro\/Site_Acta\/issues\/aic-29\/16%20Crisan_Layout%201.pdf\">Unseen Monsters: <em>The Horla<\/em> by Guy de Maupassant<\/a><\/p>\n<p>C\u00e9lia MUGNIER<br \/>\n<a href=\"http:\/\/literaturacomparata.ro\/Site_Acta\/issues\/aic-29\/17%20Mugnier.pdf\">Annick Morard (2020). <em>Ourod, Autopsie culturelle des monstres en Russie<\/em>. Ch\u00eane-Bourg :<\/a><br \/>\nLa Baconni\u00e8re, 302 p.<\/p>\n<p>M\u0103d\u0103lina CECIULEAC<br \/>\n<a href=\"http:\/\/literaturacomparata.ro\/Site_Acta\/issues\/aic-29\/18%20Ceciuleac.pdf\">Marginalii la <em>Fragil, cuv\u00e2ntul \u00eentrupat<\/em> de Irina B\u0103descu<\/a><\/p>\n<p>Sorin MOCANU<br \/>\n<a href=\"http:\/\/literaturacomparata.ro\/Site_Acta\/issues\/aic-29\/19%20Mocanu.pdf\">Ileana Oana Macari &amp; Iulia Andreea Milic\u0103 (Eds.) (2021). <em>Romanian Culture \u2013 A Crash Course<\/em>. Ia\u015fi: Editura Universit\u0103\u0163ii \u201eAlexandru Ioan Cuza\u201d din Ia\u015fi, 205 p.<\/a><\/p>\n<hr \/>\n<p><a href=\"http:\/\/literaturacomparata.ro\/Site_Acta\/issues\/aic-29\/AIC_29_FULL.pdf\"><strong>Issue 29 (PDF)<\/strong><\/a>.<\/p>\n","protected":false},"excerpt":{"rendered":"<p>ACTA IASSYENSIA COMPARATIONIS 29, (1\/2022) MONSTERS IN LITERATURE \/ LES MONSTRES DANS LA LITT\u00c9RATURE \/ MON\u015eTRII \u00ceN LITERATUR\u0102 Contenu Nicolae BOBARU Sea Monsters. Theoretical Perspectives Sophie Emilia SEIDLER Bitches and Witches: Grotesque Sexuality in Ovid\u2019s Scylla (Metamorphoses 13.730-14.74) Andrei Victor COJOCARU Egoul ca monstru l\u0103untric \u00een poemele lui Jal\u0101l ad-D\u012bn Muhammad R\u016bm\u012b \u015fi Mahm\u016bd Shabestar\u012b &hellip; <a href=\"https:\/\/literaturacomparata.ro\/aic\/?page_id=1713&#038;lang=fr\" class=\"more-link\">Continue reading <span class=\"screen-reader-text\">29 (1\/2022) LES MONSTRES DANS LA LITT\u00c9RATURE<\/span> <span class=\"meta-nav\">&rarr;<\/span><\/a><\/p>\n","protected":false},"author":1,"featured_media":0,"parent":296,"menu_order":89,"comment_status":"closed","ping_status":"closed","template":"","meta":[],"_links":{"self":[{"href":"https:\/\/literaturacomparata.ro\/aic\/index.php?rest_route=\/wp\/v2\/pages\/1713"}],"collection":[{"href":"https:\/\/literaturacomparata.ro\/aic\/index.php?rest_route=\/wp\/v2\/pages"}],"about":[{"href":"https:\/\/literaturacomparata.ro\/aic\/index.php?rest_route=\/wp\/v2\/types\/page"}],"author":[{"embeddable":true,"href":"https:\/\/literaturacomparata.ro\/aic\/index.php?rest_route=\/wp\/v2\/users\/1"}],"replies":[{"embeddable":true,"href":"https:\/\/literaturacomparata.ro\/aic\/index.php?rest_route=%2Fwp%2Fv2%2Fcomments&post=1713"}],"version-history":[{"count":1,"href":"https:\/\/literaturacomparata.ro\/aic\/index.php?rest_route=\/wp\/v2\/pages\/1713\/revisions"}],"predecessor-version":[{"id":1714,"href":"https:\/\/literaturacomparata.ro\/aic\/index.php?rest_route=\/wp\/v2\/pages\/1713\/revisions\/1714"}],"up":[{"embeddable":true,"href":"https:\/\/literaturacomparata.ro\/aic\/index.php?rest_route=\/wp\/v2\/pages\/296"}],"wp:attachment":[{"href":"https:\/\/literaturacomparata.ro\/aic\/index.php?rest_route=%2Fwp%2Fv2%2Fmedia&parent=1713"}],"curies":[{"name":"wp","href":"https:\/\/api.w.org\/{rel}","templated":true}]}}