{"id":136,"date":"2016-09-19T22:13:43","date_gmt":"2016-09-19T22:13:43","guid":{"rendered":"http:\/\/literaturacomparata.ro\/wordpress\/?page_id=136"},"modified":"2020-10-19T13:14:44","modified_gmt":"2020-10-19T10:14:44","slug":"numero-en-cours","status":"publish","type":"page","link":"https:\/\/literaturacomparata.ro\/aic\/?page_id=136&lang=fr","title":{"rendered":"19 (1\/2017) CRISES FAMILIALES"},"content":{"rendered":"<h3 style=\"text-align: left;\" align=\"center\"><strong>ACTA IASSYENSIA COMPARATIONIS, 19 (1\/2017)<br \/>\nCRISES FAMILIALES<br \/>\n<\/strong><\/h3>\n<hr \/>\n<h4 style=\"text-align: left;\" align=\"center\"><strong><a href=\"http:\/\/literaturacomparata.ro\/aic\/wp-content\/uploads\/2020\/10\/19-AIC-web-2.jpg\"><img decoding=\"async\" loading=\"lazy\" class=\"alignleft size-full wp-image-1297\" src=\"http:\/\/literaturacomparata.ro\/aic\/wp-content\/uploads\/2020\/10\/19-AIC-web-2.jpg\" alt=\"\" width=\"212\" height=\"300\" \/><\/a>Contenu<\/strong><\/h4>\n<p>Carmen D\u0102R\u0102BU\u015e<br \/>\n<a href=\"http:\/\/literaturacomparata.ro\/Site_Acta\/PDF\/Numar%20curent\/01.AIC_19_Darabus.pdf\">Lumea\u2010n schimbare. Familia \u0219i tribula\u021biile istoriei<\/a><\/p>\n<p>Lavinia ROGOJIN\u0102<br \/>\n<a href=\"http:\/\/literaturacomparata.ro\/Site_Acta\/PDF\/Numar%20curent\/02.AIC_19_Rogojina.pdf\">Family Crises in Confession, Fragility and the Indelible Subject in <em>Great House<\/em><\/a><\/p>\n<p>Luisa MESSINA<br \/>\n<a href=\"http:\/\/literaturacomparata.ro\/Site_Acta\/PDF\/Numar%20curent\/03.AIC_19_Messina.pdf\">L\u2019inceste dans les \u00e9crits de Fran\u00e7ois\u2010Antoine Chevrier et dans la litt\u00e9rature libertine fran\u00e7aise du dix\u2010huiti\u00e8me si\u00e8cle<\/a><\/p>\n<p>R\u0103zvan VENTURA<br \/>\n<a href=\"http:\/\/literaturacomparata.ro\/Site_Acta\/PDF\/Numar%20curent\/04.AIC_19_Ventura.pdf\">Crises familiales dans <em>Les Chants de Maldoror<\/em> par Lautr\u00e9amont<\/a><\/p>\n<p>Dora LEONTARIDOU<br \/>\n<a href=\"http:\/\/literaturacomparata.ro\/Site_Acta\/PDF\/Numar%20curent\/05.AIC_19_Leontaridou.pdf\"><em>Du Mari coupable<\/em> (1794) au <em>Tyran domestique<\/em> (1805): les r\u00e9percussions familiales des crises conjugales dans le th\u00e9\u00e2tre fran\u00e7ais apr\u00e8s la R\u00e9volution<\/a><\/p>\n<p>Gibson NCUBE &amp; Shelton MUVUTI<br \/>\n<a href=\"http:\/\/literaturacomparata.ro\/Site_Acta\/PDF\/Numar%20curent\/06.AIC_19_Ncube_Muvuti.pdf\">\u201cFamilles, je vous hais\u201d: Aesthetics of Hatred and Silence within the Family in Fran\u00e7ois Mauriac\u2019s Fictional<\/a><\/p>\n<p>Drago\u0219 AV\u0102DANEI<br \/>\n<a href=\"http:\/\/literaturacomparata.ro\/Site_Acta\/PDF\/Numar%20curent\/07.AIC_19_Avadanei.pdf\">Family Crises, Half\u2010Truths, Ironies, and Private Devils<\/a><\/p>\n<p>Adama SAMAKE<br \/>\n<a href=\"http:\/\/literaturacomparata.ro\/Site_Acta\/PDF\/Numar%20curent\/08.AIC_19_Samake.pdf\">La crise familiale, substruction de la cr\u00e9ation romanesque de Fatou Fanny\u2010Ciss\u00e9 : l\u2019exemple d\u2019<em>Une femme, deux maris<\/em><\/a><\/p>\n<p>Elyssa REBA\u0407<br \/>\n<a href=\"http:\/\/literaturacomparata.ro\/Site_Acta\/PDF\/Numar%20curent\/09.AIC_19_Rebai.pdf\">La relation entre p\u00e8re et fille dans <em>La Place<\/em> d\u2019Annie Ernaux: entre crise et r\u00e9habilitation<\/a><\/p>\n<p>Ioana ALEXANDRESCU<br \/>\n<a href=\"http:\/\/literaturacomparata.ro\/Site_Acta\/PDF\/Numar%20curent\/10.AIC_19_Alexandrescu.pdf\">Les relations de famille dans <em>La V\u00e9g\u00e9tarienne<\/em> de Han Kang<\/a><\/p>\n<p>Kone DIAKARIDIA<br \/>\n<a href=\"http:\/\/literaturacomparata.ro\/Site_Acta\/PDF\/Numar%20curent\/11.AIC_19_Diakaridia.pdf\"><em>La ni\u00e8ce de l\u2019imam<\/em> de Mand\u00e9 Alpha Diarra ou le r\u00e9cit dramatique d\u2019une crise familiale<\/a><\/p>\n<p>Iulia Andreea MILIC\u0102<br \/>\n<a href=\"http:\/\/literaturacomparata.ro\/Site_Acta\/PDF\/Numar%20curent\/12.AIC_19_Milica.pdf\">Florica Bodi\u015ftean, <em>Eroica \u015fi Erotica: eseu despre imaginile feminit\u0103\u0163ii \u00een eposul eroic<\/em><\/a><\/p>\n<p>Paul MIHALACHE<br \/>\n<a href=\"http:\/\/literaturacomparata.ro\/Site_Acta\/PDF\/Numar%20curent\/13.AIC_19_Mihalache.pdf\">Carmen Popescu, <em>Intertextualitatea \u0219i paradigma dialogic\u0103 a comparatismului<\/em><\/a><\/p>\n<hr \/>\n<p><strong><a href=\"http:\/\/literaturacomparata.ro\/Site_Acta\/issues\/aic-19\/AIC_19_FULL.pdf\">Numero 19<\/a> (PDF)<\/strong><\/p>\n","protected":false},"excerpt":{"rendered":"<p>ACTA IASSYENSIA COMPARATIONIS, 19 (1\/2017) CRISES FAMILIALES Contenu Carmen D\u0102R\u0102BU\u015e Lumea\u2010n schimbare. Familia \u0219i tribula\u021biile istoriei Lavinia ROGOJIN\u0102 Family Crises in Confession, Fragility and the Indelible Subject in Great House Luisa MESSINA L\u2019inceste dans les \u00e9crits de Fran\u00e7ois\u2010Antoine Chevrier et dans la litt\u00e9rature libertine fran\u00e7aise du dix\u2010huiti\u00e8me si\u00e8cle R\u0103zvan VENTURA Crises familiales dans Les Chants &hellip; <a href=\"https:\/\/literaturacomparata.ro\/aic\/?page_id=136&#038;lang=fr\" class=\"more-link\">Continue reading <span class=\"screen-reader-text\">19 (1\/2017) CRISES FAMILIALES<\/span> <span class=\"meta-nav\">&rarr;<\/span><\/a><\/p>\n","protected":false},"author":1,"featured_media":0,"parent":296,"menu_order":99,"comment_status":"closed","ping_status":"closed","template":"","meta":[],"_links":{"self":[{"href":"https:\/\/literaturacomparata.ro\/aic\/index.php?rest_route=\/wp\/v2\/pages\/136"}],"collection":[{"href":"https:\/\/literaturacomparata.ro\/aic\/index.php?rest_route=\/wp\/v2\/pages"}],"about":[{"href":"https:\/\/literaturacomparata.ro\/aic\/index.php?rest_route=\/wp\/v2\/types\/page"}],"author":[{"embeddable":true,"href":"https:\/\/literaturacomparata.ro\/aic\/index.php?rest_route=\/wp\/v2\/users\/1"}],"replies":[{"embeddable":true,"href":"https:\/\/literaturacomparata.ro\/aic\/index.php?rest_route=%2Fwp%2Fv2%2Fcomments&post=136"}],"version-history":[{"count":13,"href":"https:\/\/literaturacomparata.ro\/aic\/index.php?rest_route=\/wp\/v2\/pages\/136\/revisions"}],"predecessor-version":[{"id":1298,"href":"https:\/\/literaturacomparata.ro\/aic\/index.php?rest_route=\/wp\/v2\/pages\/136\/revisions\/1298"}],"up":[{"embeddable":true,"href":"https:\/\/literaturacomparata.ro\/aic\/index.php?rest_route=\/wp\/v2\/pages\/296"}],"wp:attachment":[{"href":"https:\/\/literaturacomparata.ro\/aic\/index.php?rest_route=%2Fwp%2Fv2%2Fmedia&parent=136"}],"curies":[{"name":"wp","href":"https:\/\/api.w.org\/{rel}","templated":true}]}}