{"id":545,"date":"2017-09-11T15:15:50","date_gmt":"2017-09-11T12:15:50","guid":{"rendered":"http:\/\/literaturacomparata.ro\/aic\/?page_id=545"},"modified":"2017-09-11T16:39:12","modified_gmt":"2017-09-11T13:39:12","slug":"72009-le-sourire","status":"publish","type":"page","link":"http:\/\/literaturacomparata.ro\/aic\/?page_id=545&lang=fr","title":{"rendered":"7\/2009, LE (SOU)RIRE"},"content":{"rendered":"<h3 style=\"text-align: left;\">ACTA IASSYENSIA COMPARATIONIS, 7\/2009<br \/>\nLE (SOU)RIRE<\/h3>\n<hr \/>\n<h4 style=\"text-align: left;\" align=\"center\"><strong>Contenu<\/strong><\/h4>\n<p align=\"justify\"><span lang=\"ro\" xml:lang=\"ro\"><strong><a href=\"http:\/\/www.literaturacomparata.ro\/Site_Acta\/Old\/acta7\/7.rezumate.pdf\">R\u00e9sum\u00e9s<\/a><\/strong><\/span><\/p>\n<p align=\"justify\"><span lang=\"ro\" xml:lang=\"ro\"> <a href=\"http:\/\/www.literaturacomparata.ro\/Site_Acta\/Old\/acta7\/7_ariesan.pdf\">CLAUDIU T. ARIE\u015eAN<\/a><br \/>\nSur\u00e2sul simpatetic \u015fi cultura cre\u015ftin\u0103 clasic\u0103<\/span><\/p>\n<p align=\"justify\"><span lang=\"ro\" xml:lang=\"ro\"> <a href=\"http:\/\/www.literaturacomparata.ro\/Site_Acta\/Old\/acta7\/7_astelian.pdf\">CARMEN RALUCA A\u015eTELIAN<\/a><br \/>\nR\u00e2s \u015fi t\u0103cere \u00een teatrul religios medieval \u015fi renascentist<\/span><\/p>\n<p align=\"justify\"><span lang=\"ro\" xml:lang=\"ro\"> <a href=\"http:\/\/www.literaturacomparata.ro\/Site_Acta\/Old\/acta7\/7_baltag.pdf\">MIHAI BALTAG<\/a><br \/>\nSurse ale umorului \u00een <em> Broa\u015ftele <\/em> lui Aristofan<\/span><\/p>\n<p align=\"justify\"><span lang=\"ro\" xml:lang=\"ro\"> <a href=\"http:\/\/www.literaturacomparata.ro\/Site_Acta\/Old\/acta7\/7_bellon.pdf\">GUILLAUME BELLON<\/a><br \/>\n\u00ab\u00a0Le Sourire de Barthes\u00a0\u00bb<\/span><\/p>\n<p align=\"justify\"><span lang=\"ro\" xml:lang=\"ro\"> <a href=\"http:\/\/www.literaturacomparata.ro\/Site_Acta\/Old\/acta7\/7_bizek.pdf\">RENATA BIZEK-TATARA<\/a><br \/>\nLe rire salvateur dans <em>L\u2019Histoire ex\u00e9crable d\u2019un h\u00e9ros braban\u00e7on<\/em> de Jean Muno<\/span><\/p>\n<p align=\"justify\"><span lang=\"ro\" xml:lang=\"ro\"> <a href=\"http:\/\/www.literaturacomparata.ro\/Site_Acta\/Old\/acta7\/7_boulifa.pdf\">NAJLA BOULIFA-SHILI<\/a><br \/>\nSous le rire de Louise Erdrich\u00a0: entre d\u00e9sacralisation et survie<\/span><\/p>\n<p align=\"justify\"><span lang=\"ro\" xml:lang=\"ro\"> <a href=\"http:\/\/www.literaturacomparata.ro\/Site_Acta\/Old\/acta7\/7_mcg.pdf\">MIHAELA CERN\u0102U\u0162I-GORODE\u0162CHI<\/a><br \/>\nNon-r\u00eesul ca boal\u0103 \u00een spa\u0163iul fabulosului<\/span><\/p>\n<p align=\"justify\"><span lang=\"ro\" xml:lang=\"ro\"> <a href=\"http:\/\/www.literaturacomparata.ro\/Site_Acta\/Old\/acta7\/7_chiali.pdf\">FATIMA ZOHRA CHIALI-LALAOUI<\/a><br \/>\nLe dire par l\u2019humour (\u00e0 travers une lecture de Muriel Robin)<\/span><\/p>\n<p align=\"justify\"><span lang=\"ro\" xml:lang=\"ro\"> <a href=\"http:\/\/www.literaturacomparata.ro\/Site_Acta\/Old\/acta7\/7_dram.pdf\">CONSTANTIN DRAM<\/a><br \/>\nC\u00e2teva note asupra su-r\u00e2sului sadovenian<\/span><\/p>\n<p align=\"justify\"><span lang=\"ro\" xml:lang=\"ro\"> <a href=\"http:\/\/www.literaturacomparata.ro\/Site_Acta\/Old\/acta7\/7_esian.pdf\">DELIA E\u015eIAN<\/a><br \/>\n<em>weiter leben<\/em> im <em>Zug des Lebens<\/em>: (Galgen-)Humor im literarischen und filmischen Umgang mit dem Holocaust<\/span><\/p>\n<p align=\"justify\"><span lang=\"ro\" xml:lang=\"ro\"> <a href=\"http:\/\/www.literaturacomparata.ro\/Site_Acta\/Old\/acta7\/7_gheorghiu.pdf\">DOINA GHEORGHIU<\/a><br \/>\n\u00bfPor qu\u00e9 no se r\u00eden Cioran y S\u00e1bato?<\/span><\/p>\n<p align=\"justify\"><span lang=\"ro\" xml:lang=\"ro\"> <a href=\"http:\/\/www.literaturacomparata.ro\/Site_Acta\/Old\/acta7\/7_grzesiak.pdf\">CZESLAW GRZESIAK<\/a><br \/>\nLe (sou)rire dans \u00ab\u00a0L\u2019Homme qui rit\u00a0\u00bb de Victor Hugo<\/span><\/p>\n<p align=\"justify\"><span lang=\"ro\" xml:lang=\"ro\"> <a href=\"http:\/\/www.literaturacomparata.ro\/Site_Acta\/Old\/acta7\/7_gyorfi.s.pdf\">SIMONE GY\u00d6RFI<\/a><br \/>\nDe la sur\u00e2sul lui Buddha la <em>Sur\u00e2sul Hiroshimei<\/em><\/span><\/p>\n<p align=\"justify\"><span lang=\"ro\" xml:lang=\"ro\"> <a href=\"http:\/\/www.literaturacomparata.ro\/Site_Acta\/Old\/acta7\/7_gdg.pdf\">GY\u00d6RFI-DEAK GY\u00d6RGY<\/a><br \/>\nDialectic\u0103 sur\u00e2z\u0103toare<\/span><\/p>\n<p align=\"justify\"><span lang=\"ro\" xml:lang=\"ro\"> <a href=\"http:\/\/www.literaturacomparata.ro\/Site_Acta\/Old\/acta7\/7_hainz.pdf\">MARTIN A. HAINZ<\/a><br \/>\n<em>Risus paschalis<\/em> \u2013 oder: <em>Keep \u2018em laughing as you go<\/em>. Lachen und Blasphemie<\/span><\/p>\n<p align=\"justify\"><span lang=\"ro\" xml:lang=\"ro\"> <a href=\"http:\/\/www.literaturacomparata.ro\/Site_Acta\/Old\/acta7\/7_lecman.pdf\">TEODORO PABLO LECMAN<\/a><br \/>\nUna sonrisa sin cuerpo<\/span><\/p>\n<p align=\"justify\"><span lang=\"ro\" xml:lang=\"ro\"> <a href=\"http:\/\/www.literaturacomparata.ro\/Site_Acta\/Old\/acta7\/7_lihaciu.pdf\">ION LIHACIU<\/a><br \/>\nDer Anfang des Theaterlebens in der Bukowina wiederspiegelt in der wiener satyrischen Zeitschrift der <em>Humorist<\/em> und in der amtlichen <em>Czernowitzer Zeitung<\/em><\/span><\/p>\n<p align=\"justify\"><span lang=\"ro\" xml:lang=\"ro\"> <a href=\"http:\/\/www.literaturacomparata.ro\/Site_Acta\/Old\/acta7\/7_mandrila.pdf\">ELENA M\u00c2NDRIL\u0102<\/a><br \/>\nR\u00e2sul \u015fi universul copil\u0103riei<\/span><\/p>\n<p align=\"justify\"><span lang=\"ro\" xml:lang=\"ro\"> <a href=\"http:\/\/www.literaturacomparata.ro\/Site_Acta\/Old\/acta7\/7_michel.pdf\">ANNE-C\u00c9LINE MICHEL<\/a><br \/>\nLa satire mussetienne\u00a0comme pr\u00e9figuration de la d\u00e9sesp\u00e9rance<\/span><\/p>\n<p align=\"justify\"><span lang=\"ro\" xml:lang=\"ro\"> <a href=\"http:\/\/www.literaturacomparata.ro\/Site_Acta\/Old\/acta7\/7_mueller.pdf\">ROSEANNA MUELLER<\/a><br \/>\nTales from the House of Smiles: Teresa de la Parra\u2019s <em>Mama Blanca\u2019s Memoirs<\/em><\/span><\/p>\n<p align=\"justify\"><span lang=\"ro\" xml:lang=\"ro\"> <a href=\"http:\/\/www.literaturacomparata.ro\/Site_Acta\/Old\/acta7\/7_oancea.pdf\">ANA OANCEA<\/a><br \/>\n1830 sous le rire m\u00e9phistoph\u00e9lique de Julien Sorel<\/span><\/p>\n<p align=\"justify\"><span lang=\"ro\" xml:lang=\"ro\"> <a href=\"http:\/\/www.literaturacomparata.ro\/Site_Acta\/Old\/acta7\/7_paraschiv.pdf\">MIHAELA PARASCHIV<\/a><br \/>\nO doctrin\u0103 a r\u00e2sului \u00een antichitatea greco-latin\u0103<\/span><\/p>\n<p align=\"justify\"><span lang=\"ro\" xml:lang=\"ro\"> <a href=\"http:\/\/www.literaturacomparata.ro\/Site_Acta\/Old\/acta7\/7_prioux.pdf\">VIRGINIE PRIOUX<\/a><br \/>\nLe Rire qui ne fait pas rire dans <em>La Cur\u00e9e<\/em> d\u2019\u00c9mile Zola<\/span><\/p>\n<p align=\"justify\"><span lang=\"ro\" xml:lang=\"ro\"> <a href=\"http:\/\/www.literaturacomparata.ro\/Site_Acta\/Old\/acta7\/7_robert.pdf\">LAURENT ROBERT<\/a><br \/>\nContre \u00ab\u00a0le fin sourire\u00a0\u00bb\u00a0: la po\u00e9tique du rire de Georges Fourest<\/span><\/p>\n<p align=\"justify\"><span lang=\"ro\" xml:lang=\"ro\"> <a href=\"http:\/\/www.literaturacomparata.ro\/Site_Acta\/Old\/acta7\/7_savu.pdf\">IULIANA SAVU<\/a><br \/>\nPoetica (su)r\u00e2sului \u00een <em>Noi<\/em> de Evgheni Zamiatin<\/span><\/p>\n<p align=\"justify\"><span lang=\"ro\" xml:lang=\"ro\"> <a href=\"http:\/\/www.literaturacomparata.ro\/Site_Acta\/Old\/acta7\/7_sepp.pdf\">ARVI SEPP<\/a><br \/>\nHumor und Hoffnung im Dritten Reich. Der Witz als regimekritische Ausdrucksform in den Tageb\u00fcchern Victor Klemperers<\/span><\/p>\n<p align=\"justify\"><span lang=\"ro\" xml:lang=\"ro\"> <a href=\"http:\/\/www.literaturacomparata.ro\/Site_Acta\/Old\/acta7\/7_sibra.pdf\">SYLVIE SIBRA<\/a><br \/>\nL\u2019\u00e9nigmatique sourire fellinien<\/span><\/p>\n<p align=\"justify\"><span lang=\"ro\" xml:lang=\"ro\"> <a href=\"http:\/\/www.literaturacomparata.ro\/Site_Acta\/Old\/acta7\/7_sinardet.pdf\">EMMANUELLE SINARDET<\/a><br \/>\nDe la comicidad de la risa al humor de la sonrisa: <em>Pantale\u00f3n y las visitadoras<\/em> de Mario Vargas Llosa\u00a0a la luz de la teor\u00eda de los humores de Ben Jonson<\/span><\/p>\n<p align=\"justify\"><span lang=\"ro\" xml:lang=\"ro\"> <a href=\"http:\/\/www.literaturacomparata.ro\/Site_Acta\/Old\/acta7\/7_spanu.pdf\">PETRU\u0162A SP\u00c2NU<\/a><br \/>\nR\u00ees \u015fi rictus \u00een povestirea <em>Candid sau Optimismul<\/em> de Voltaire<\/span><\/p>\n<p align=\"justify\"><span lang=\"ro\" xml:lang=\"ro\"> <a href=\"http:\/\/www.literaturacomparata.ro\/Site_Acta\/Old\/acta7\/7_stefan.pdf\">ANA-MARIA \u015eTEFAN<\/a><br \/>\nR\u00e2sul \u015fi moartea: un caz de \u201emezalian\u0163\u0103\u201d tematic\u0103 \u00een romanele <em>Return to Laughter<\/em> al Laurei Bohannan \u015fi <em>Ways of Dying<\/em> al lui Zakes Mda<\/span><\/p>\n<p align=\"justify\"><span lang=\"ro\" xml:lang=\"ro\"><a href=\"http:\/\/www.literaturacomparata.ro\/Site_Acta\/Old\/acta7\/7.traduceri.pdf\"><strong> TRADUCTIONS<\/strong><\/a><\/span><\/p>\n<p align=\"justify\"><span lang=\"ro\" xml:lang=\"ro\"> G. K. CHESTERTON \u015fi sim\u0163ul definitiv al umorului (Claudiu T. Arie\u015fan) <\/span><\/p>\n<p align=\"justify\"><span lang=\"ro\" xml:lang=\"ro\">JEAN JAUNIAUX: <em>Halatul<\/em> (Petru\u0163a Sp\u00e2nu) <\/span><\/p>\n<p align=\"justify\"><span lang=\"ro\" xml:lang=\"ro\">BRANISLAV NU\u0160IC: <em>Autobiografie<\/em> \u2013 fragment (Nikola Vangeli)<br \/>\n<\/span><\/p>\n<p align=\"justify\"><span lang=\"ro\" xml:lang=\"ro\"><a href=\"http:\/\/www.literaturacomparata.ro\/Site_Acta\/Old\/acta7\/7.recenzii.pdf\"><strong>COMPTES-RENDUS<\/strong><\/a><\/span><\/p>\n<p align=\"justify\"><span lang=\"ro\" xml:lang=\"ro\"> A MAJESTIC ROMANIAN APPROACH TO WORLD LITERARY HUMOUR &#8211; VAL PANAITESCU, <em>Humorul. Sintez\u0103 istorico-teoretic\u0103<\/em> (Ana-Maria \u015etefan) <\/span><\/p>\n<p align=\"justify\"><span lang=\"ro\" xml:lang=\"ro\">HARALD H\u00d6FFDING, <em>Humorul ca sentiment vital<\/em> (Claudiu T. Arie\u015fan) <\/span><\/p>\n<p align=\"justify\"><span lang=\"ro\" xml:lang=\"ro\">PERSPECTIVE ASUPRA TEATRULUI: ABORDAREA PROBLEMATOLOGIC\u0102 &#8211; MICHEL MEYER, <em>Comicul \u015fi tragicul: perspectiv\u0103 asupra teatrului \u015fi istoriei sale<\/em> (C\u0103t\u0103lin Constantinescu) <\/span><\/p>\n<p align=\"justify\"><span lang=\"ro\" xml:lang=\"ro\"><em>DON QUIJOTE<\/em> &#8211; SINTEZA OCCIDENTAL\u0102 A AVENTURII INI\u0162IATICE &#8211; ANDREEA OLARU CERVATIUC, <em>Don Quijote &#8211; punte \u00eentre mituri<\/em> (C\u0103t\u0103lin Constantinescu)<\/span><\/p>\n","protected":false},"excerpt":{"rendered":"<p>ACTA IASSYENSIA COMPARATIONIS, 7\/2009 LE (SOU)RIRE Contenu R\u00e9sum\u00e9s CLAUDIU T. ARIE\u015eAN Sur\u00e2sul simpatetic \u015fi cultura cre\u015ftin\u0103 clasic\u0103 CARMEN RALUCA A\u015eTELIAN R\u00e2s \u015fi t\u0103cere \u00een teatrul religios medieval \u015fi renascentist MIHAI BALTAG Surse ale umorului \u00een Broa\u015ftele lui Aristofan GUILLAUME BELLON \u00ab\u00a0Le Sourire de Barthes\u00a0\u00bb RENATA BIZEK-TATARA Le rire salvateur dans L\u2019Histoire ex\u00e9crable d\u2019un h\u00e9ros braban\u00e7on &hellip; <a href=\"http:\/\/literaturacomparata.ro\/aic\/?page_id=545&#038;lang=fr\" class=\"more-link\">Continue reading <span class=\"screen-reader-text\">7\/2009, LE (SOU)RIRE<\/span> <span class=\"meta-nav\">&rarr;<\/span><\/a><\/p>\n","protected":false},"author":1,"featured_media":0,"parent":296,"menu_order":111,"comment_status":"closed","ping_status":"closed","template":"","meta":[],"_links":{"self":[{"href":"http:\/\/literaturacomparata.ro\/aic\/index.php?rest_route=\/wp\/v2\/pages\/545"}],"collection":[{"href":"http:\/\/literaturacomparata.ro\/aic\/index.php?rest_route=\/wp\/v2\/pages"}],"about":[{"href":"http:\/\/literaturacomparata.ro\/aic\/index.php?rest_route=\/wp\/v2\/types\/page"}],"author":[{"embeddable":true,"href":"http:\/\/literaturacomparata.ro\/aic\/index.php?rest_route=\/wp\/v2\/users\/1"}],"replies":[{"embeddable":true,"href":"http:\/\/literaturacomparata.ro\/aic\/index.php?rest_route=%2Fwp%2Fv2%2Fcomments&post=545"}],"version-history":[{"count":1,"href":"http:\/\/literaturacomparata.ro\/aic\/index.php?rest_route=\/wp\/v2\/pages\/545\/revisions"}],"predecessor-version":[{"id":547,"href":"http:\/\/literaturacomparata.ro\/aic\/index.php?rest_route=\/wp\/v2\/pages\/545\/revisions\/547"}],"up":[{"embeddable":true,"href":"http:\/\/literaturacomparata.ro\/aic\/index.php?rest_route=\/wp\/v2\/pages\/296"}],"wp:attachment":[{"href":"http:\/\/literaturacomparata.ro\/aic\/index.php?rest_route=%2Fwp%2Fv2%2Fmedia&parent=545"}],"curies":[{"name":"wp","href":"https:\/\/api.w.org\/{rel}","templated":true}]}}