{"id":161,"date":"2016-10-03T17:28:05","date_gmt":"2016-10-03T17:28:05","guid":{"rendered":"http:\/\/literaturacomparata.ro\/aic\/?page_id=161"},"modified":"2026-04-01T16:43:38","modified_gmt":"2026-04-01T13:43:38","slug":"acasa-2","status":"publish","type":"page","link":"http:\/\/literaturacomparata.ro\/aic\/?page_id=161&lang=ro","title":{"rendered":"Acas\u0103"},"content":{"rendered":"<div class=\"contentleft\">\n<h4 align=\"left\"><strong><span style=\"color: #993300;\">ACTA IASSYENSIA COMPARATIONIS 36 (2\/2025)<\/span><br \/>\n<\/strong><strong>MITUL \u015eI MAGIA \u00ceN LITERATUR\u0102<\/strong><\/h4>\n<div align=\"justify\">\n<p style=\"text-align: left;\"><a href=\"https:\/\/literaturacomparata.ro\/aic\/?page_id=2569&amp;lang=ro\"><img decoding=\"async\" loading=\"lazy\" class=\"alignleft wp-image-2324 size-full\" src=\"http:\/\/literaturacomparata.ro\/aic\/wp-content\/uploads\/2026\/04\/35-cover-small.jpg\" alt=\"\" width=\"212\" height=\"300\" \/><\/a><!--StartFragment --><!--StartFragment -->De la mitografiile antice la rescrierile contemporane, de la nara\u0163iunile sacre la lumile moderne demistificate, prezentul num\u0103r al revistei <span style=\"color: #993300;\"><strong>Acta Iassyensia Comparationis<\/strong><\/span>, dedicat mitului \u015fi magiei \u00een literatur\u0103, aduce \u00een prim plan o varietate de teme \u015fi direc\u0163ii de cercetare care ilustreaz\u0103 vitalitatea g\u00e2ndirii mitopoetice. Crea\u0163ie \u015fi metamorfoz\u0103, vr\u0103jire \u015fi dezvr\u0103jire, iubire sacr\u0103 \u015fi iubire profan\u0103, retorica \u00een calitate de instrument al manipul\u0103rii sau al revela\u0163iei, traum\u0103 \u015fi memorie, identitate \u015fi cunoa\u015ftere de sine \u2013 acestea sunt c\u00e2teva dintre direc\u0163iile majore de investiga\u0163ie ale studiilor reunite \u00een acest volum.<\/p>\n<p>Abordat dintr-o perspectiv\u0103 diacronic\u0103 \u015fi intercultural\u0103, mitul apare at\u00e2t ca matrice narativ\u0103 fondatoare, c\u00e2t \u015fi ca instrument flexibil de interpretare. Antichitatea clasic\u0103 este reconsiderat\u0103 prin noi lecturi ale <em>M\u0103garului de aur<\/em> al lui Apuleius \u015fi ale universului s\u0103u simbolic, precum \u015fi prin reinterpretarea miturilor lui Ovidiu \u00een literatura spaniol\u0103 a Secolului de Aur. \u00cen acela\u015fi timp, mitul se dovede\u015fte a fi o structur\u0103 dinamic\u0103, aflat\u0103 \u00eentr-o continu\u0103 transformare: el dob\u00e2nde\u015fte noi forme de expresie \u00een opere moderniste precum <em>Muntele vr\u0103jit<\/em> de Thomas Mann \u015fi se proiecteaz\u0103 \u00een fic\u0163iunea contemporan\u0103, unde texte precum <em>The Graveyard Book<\/em> de Neil Gaiman reconfigureaz\u0103 tipare arhetipale \u00een cadre narative hibride.<\/p>\n<p>Magia, la r\u00e2ndul ei, nu se limiteaz\u0103 la registrul supranaturalului, ci se afirm\u0103 ca o categorie epistemologic\u0103 \u015fi discursiv\u0103 mai ampl\u0103. A\u015fa cum o arat\u0103 tradi\u0163iile narative orientale, limbajul \u00eensu\u015fi poate func\u0163iona ca o form\u0103 de vr\u0103jire, capabil\u0103 s\u0103 construiasc\u0103, s\u0103 distorsioneze sau s\u0103 restaureze realitatea prin intermediul unei retorici persuasive sau \u00een\u015fel\u0103toare. Privit\u0103 din acest unghi, povestirea devine deopotriv\u0103 unealt\u0103 a puterii \u015fi form\u0103 de rezisten\u0163\u0103, mediere \u00eentre iluzie \u015fi adev\u0103r, \u00eentre injusti\u0163ie \u015fi repara\u0163ie.<\/p>\n<p>De la cultura greco-roman\u0103 la Secolul de Aur spaniol, de la tradi\u0163iile narative ale Orientului Mijlociu la modernismul european \u015fi la literatura contemporan\u0103 global\u0103, volumul aduce laolalt\u0103 studiile literare, filozofia, mitocritica \u015fi studiile culturale. Articolele incluse \u00een AIC 36 converg \u00een a ar\u0103ta c\u0103 mitul \u015fi magia, departe de a fi simple vestigii ale unui trecut pre-ra\u0163ional, continu\u0103 s\u0103 modeleze imaginarul literar, constituind modalit\u0103\u0163i privilegiate de a surprinde complexitatea inerent\u0103 condi\u0163iei umane.<\/p>\n<\/div>\n<\/div>\n<div class=\"contentleft\">\n<div>\n<table border=\"0\" width=\"620\" cellspacing=\"12\" cellpadding=\"2\">\n<tbody>\n<tr>\n<td align=\"left\" valign=\"top\" width=\"476\" height=\"314\">\n<h4>Invita\u021bie la colaborare<\/h4>\n<p><span style=\"color: #993300;\"><strong>ACTA IASSYENSIA COMPARATIONIS nr. 37 (2026)<\/strong><\/span><br \/>\n<strong>CITIES IN LITERATURE \/ LA VILLE DANS LA LITT\u00c9RATURE \/ ORA\u015eUL \u00ceN LITERATUR\u0102<\/strong><\/p>\n<p>Data-limit\u0103 pentru trimiterea materialelor (\u00een limbile rom\u00e2n\u0103, englez\u0103, francez\u0103, german\u0103, spaniol\u0103, italian\u0103) este <span style=\"text-decoration: underline;\">01 septembrie 2026<\/span>.<\/p>\n<p>Decizia final\u0103 a Colegiului redac\u0163ional \u00een privin\u0163a public\u0103rii lor va fi comunicat\u0103 p\u00e2n\u0103 la data de<br \/>\n1<span style=\"text-decoration: underline;\">5 decembrie 2026<\/span>.<\/p>\n<p>(Eventualele) corecturi \u015fi comentarii ale autorilor sunt a\u015fteptate \u00eentre <span style=\"text-decoration: underline;\">15 decembrie 2026<\/span> \u015fi <span style=\"text-decoration: underline;\">15 ianuarie 2026<\/span>.<\/p>\n<p>Apari\u0163ia num\u0103rului al <strong>37<\/strong>-lea al <strong>AIC<\/strong> este programat\u0103 pentru <span style=\"text-decoration: underline;\">30 martie 2027<\/span>.<\/td>\n<td align=\"left\" valign=\"top\" width=\"408\">\n<h4><img decoding=\"async\" loading=\"lazy\" class=\"aligncenter wp-image-107\" src=\"http:\/\/literaturacomparata.ro\/wordpress\/wp-content\/uploads\/2016\/09\/diamond-300x43.png\" alt=\"\" width=\"278\" height=\"40\" srcset=\"http:\/\/literaturacomparata.ro\/aic\/wp-content\/uploads\/2016\/09\/diamond-300x43.png 300w, http:\/\/literaturacomparata.ro\/aic\/wp-content\/uploads\/2016\/09\/diamond-768x110.png 768w, http:\/\/literaturacomparata.ro\/aic\/wp-content\/uploads\/2016\/09\/diamond-1024x147.png 1024w\" sizes=\"(max-width: 278px) 100vw, 278px\" \/><\/h4>\n<hr \/>\n<h4 style=\"text-align: center;\"><strong>Num\u0103r Special 2025<\/strong><\/h4>\n<h6 style=\"text-align: center;\"><a href=\"https:\/\/literaturacomparata.ro\/aic\/?page_id=2486&amp;lang=ro\"><img decoding=\"async\" loading=\"lazy\" class=\"aligncenter wp-image-2451 size-full\" src=\"http:\/\/literaturacomparata.ro\/aic\/wp-content\/uploads\/2025\/12\/AIC-S-25-coperta-small-1.jpg\" alt=\"\" width=\"212\" height=\"300\" \/><\/a><strong><br \/>\n<\/strong> <a href=\"https:\/\/literaturacomparata.ro\/aic\/?page_id=2486&amp;lang=ro\">50 de ani de la Revolu\u021bia Garoafelor. Receptarea culturii portugheze \u00een Rom\u00e2nia<\/a><\/h6>\n<hr \/>\n<\/td>\n<\/tr>\n<\/tbody>\n<\/table>\n<\/div>\n<\/div>\n","protected":false},"excerpt":{"rendered":"<p>ACTA IASSYENSIA COMPARATIONIS 36 (2\/2025) MITUL \u015eI MAGIA \u00ceN LITERATUR\u0102 De la mitografiile antice la rescrierile contemporane, de la nara\u0163iunile sacre la lumile moderne demistificate, prezentul num\u0103r al revistei Acta Iassyensia Comparationis, dedicat mitului \u015fi magiei \u00een literatur\u0103, aduce \u00een prim plan o varietate de teme \u015fi direc\u0163ii de cercetare care ilustreaz\u0103 vitalitatea g\u00e2ndirii mitopoetice. &hellip; <a href=\"http:\/\/literaturacomparata.ro\/aic\/?page_id=161&#038;lang=ro\" class=\"more-link\">Continue reading <span class=\"screen-reader-text\">Acas\u0103<\/span> <span class=\"meta-nav\">&rarr;<\/span><\/a><\/p>\n","protected":false},"author":1,"featured_media":0,"parent":0,"menu_order":0,"comment_status":"closed","ping_status":"closed","template":"","meta":[],"_links":{"self":[{"href":"http:\/\/literaturacomparata.ro\/aic\/index.php?rest_route=\/wp\/v2\/pages\/161"}],"collection":[{"href":"http:\/\/literaturacomparata.ro\/aic\/index.php?rest_route=\/wp\/v2\/pages"}],"about":[{"href":"http:\/\/literaturacomparata.ro\/aic\/index.php?rest_route=\/wp\/v2\/types\/page"}],"author":[{"embeddable":true,"href":"http:\/\/literaturacomparata.ro\/aic\/index.php?rest_route=\/wp\/v2\/users\/1"}],"replies":[{"embeddable":true,"href":"http:\/\/literaturacomparata.ro\/aic\/index.php?rest_route=%2Fwp%2Fv2%2Fcomments&post=161"}],"version-history":[{"count":184,"href":"http:\/\/literaturacomparata.ro\/aic\/index.php?rest_route=\/wp\/v2\/pages\/161\/revisions"}],"predecessor-version":[{"id":2638,"href":"http:\/\/literaturacomparata.ro\/aic\/index.php?rest_route=\/wp\/v2\/pages\/161\/revisions\/2638"}],"wp:attachment":[{"href":"http:\/\/literaturacomparata.ro\/aic\/index.php?rest_route=%2Fwp%2Fv2%2Fmedia&parent=161"}],"curies":[{"name":"wp","href":"https:\/\/api.w.org\/{rel}","templated":true}]}}